{"id":9679,"date":"2020-11-30T14:07:42","date_gmt":"2020-11-30T14:07:42","guid":{"rendered":"https:\/\/www.talium-assets.com\/thank-you-for-subscribing-to-our-newsletter\/"},"modified":"2020-12-04T15:10:49","modified_gmt":"2020-12-04T15:10:49","slug":"merci-souscription-newsletter","status":"publish","type":"page","link":"https:\/\/www.talium-assets.com\/fr\/merci-souscription-newsletter\/","title":{"rendered":"Merci d&rsquo;avoir souscrit \u00e0 la newsletter"},"content":{"rendered":"\t\t<div data-elementor-type=\"wp-page\" data-elementor-id=\"9679\" class=\"elementor elementor-9679\">\n\t\t\t\t\t\t\t\t\t<section class=\"elementor-section elementor-top-section elementor-element elementor-element-7217fba ot-traditional elementor-section-boxed elementor-section-height-default elementor-section-height-default\" data-id=\"7217fba\" data-element_type=\"section\" data-settings=\"{&quot;background_background&quot;:&quot;classic&quot;}\">\n\t\t\t\t\t\t\t<div class=\"elementor-background-overlay\"><\/div>\n\t\t\t\t\t\t\t<div class=\"elementor-container elementor-column-gap-default\">\n\t\t\t\t\t<div class=\"elementor-column elementor-col-100 elementor-top-column elementor-element elementor-element-2fc0969 ot-flex-column-vertical\" data-id=\"2fc0969\" data-element_type=\"column\">\n\t\t\t<div class=\"elementor-widget-wrap elementor-element-populated\">\n\t\t\t\t\t\t\t\t<div class=\"elementor-element elementor-element-839e766 elementor-widget elementor-widget-image\" data-id=\"839e766\" data-element_type=\"widget\" data-widget_type=\"image.default\">\n\t\t\t\t<div class=\"elementor-widget-container\">\n\t\t\t\t\t\t\t\t\t\t\t\t\t\t\t<img loading=\"lazy\" decoding=\"async\" width=\"151\" height=\"175\" src=\"https:\/\/www.talium-assets.com\/wp-content\/uploads\/2020\/11\/bg-email.png\" class=\"attachment-large size-large wp-image-9303\" alt=\"\" \/>\t\t\t\t\t\t\t\t\t\t\t\t\t\t\t<\/div>\n\t\t\t\t<\/div>\n\t\t\t\t<div class=\"elementor-element elementor-element-a61499f elementor-widget elementor-widget-text-editor\" data-id=\"a61499f\" data-element_type=\"widget\" data-widget_type=\"text-editor.default\">\n\t\t\t\t<div class=\"elementor-widget-container\">\n\t\t\t\t\t\t\t<p>Merci !<\/p>\t\t\t\t\t\t<\/div>\n\t\t\t\t<\/div>\n\t\t\t\t<div class=\"elementor-element elementor-element-5ab802f elementor-widget-divider--view-line elementor-widget elementor-widget-divider\" data-id=\"5ab802f\" data-element_type=\"widget\" data-widget_type=\"divider.default\">\n\t\t\t\t<div class=\"elementor-widget-container\">\n\t\t\t\t\t<div class=\"elementor-divider\">\n\t\t\t<span class=\"elementor-divider-separator\">\n\t\t\t\t\t\t<\/span>\n\t\t<\/div>\n\t\t\t\t<\/div>\n\t\t\t\t<\/div>\n\t\t\t\t<div class=\"elementor-element elementor-element-788814c elementor-widget elementor-widget-text-editor\" data-id=\"788814c\" data-element_type=\"widget\" data-widget_type=\"text-editor.default\">\n\t\t\t\t<div class=\"elementor-widget-container\">\n\t\t\t\t\t\t\tMerci d&rsquo;avoir souscrit \u00e0 la newsletter. <br\/>Consultez votre boite pour voir notre e-mail de bienvenue.<br\/><br\/>\n\n<a href=\"https:\/\/www.talium-assets.com\/\">Retourner \u00e0 la page principale<\/a>\t\t\t\t\t\t<\/div>\n\t\t\t\t<\/div>\n\t\t\t\t\t<\/div>\n\t\t<\/div>\n\t\t\t\t\t\t\t<\/div>\n\t\t<\/section>\n\t\t\t\t\t\t\t<\/div>\n\t\t","protected":false},"excerpt":{"rendered":"<p>Merci ! Merci d&rsquo;avoir souscrit \u00e0 la newsletter. Consultez votre boite pour voir notre e-mail de bienvenue. Retourner \u00e0 la page principale<\/p>\n","protected":false},"author":4,"featured_media":0,"parent":0,"menu_order":0,"comment_status":"closed","ping_status":"closed","template":"","meta":{"ub_ctt_via":"","_lmt_disableupdate":"","_lmt_disable":"","footnotes":""},"class_list":["post-9679","page","type-page","status-publish","hentry"],"featured_image_src":null,"yoast_head":"<!-- This site is optimized with the Yoast SEO plugin v22.5 - https:\/\/yoast.com\/wordpress\/plugins\/seo\/ -->\n<title>Merci d&#039;avoir souscrit \u00e0 la newsletter - Talium-assets<\/title>\n<meta name=\"description\" content=\"Merci ! Merci d&#039;avoir souscrit \u00e0 la newsletter. Consultez votre boite pour voir notre e-mail de bienvenue. Retourner \u00e0 la page principale\" \/>\n<meta name=\"robots\" content=\"noindex, nofollow\" \/>\n<meta property=\"og:locale\" content=\"fr_FR\" \/>\n<meta property=\"og:type\" content=\"article\" \/>\n<meta property=\"og:title\" content=\"Merci d&#039;avoir souscrit \u00e0 la newsletter - Talium-assets\" \/>\n<meta property=\"og:description\" content=\"Merci ! Merci d&#039;avoir souscrit \u00e0 la newsletter. Consultez votre boite pour voir notre e-mail de bienvenue. Retourner \u00e0 la page principale\" \/>\n<meta property=\"og:url\" content=\"https:\/\/www.talium-assets.com\/thank-you-for-subscribing-to-our-newsletter\/\" \/>\n<meta property=\"og:site_name\" content=\"Talium-assets\" \/>\n<meta property=\"article:modified_time\" content=\"2020-12-04T15:10:49+00:00\" \/>\n<meta property=\"og:image\" content=\"https:\/\/www.talium-assets.com\/wp-content\/uploads\/2020\/11\/bg-email.png\" \/>\n<meta name=\"twitter:card\" content=\"summary_large_image\" \/>\n<script type=\"application\/ld+json\" class=\"yoast-schema-graph\">{\"@context\":\"https:\/\/schema.org\",\"@graph\":[{\"@type\":\"WebPage\",\"@id\":\"https:\/\/www.talium-assets.com\/thank-you-for-subscribing-to-our-newsletter\/\",\"url\":\"https:\/\/www.talium-assets.com\/thank-you-for-subscribing-to-our-newsletter\/\",\"name\":\"Merci d'avoir souscrit \u00e0 la newsletter - Talium-assets\",\"isPartOf\":{\"@id\":\"https:\/\/www.talium-assets.com\/#website\"},\"primaryImageOfPage\":{\"@id\":\"https:\/\/www.talium-assets.com\/thank-you-for-subscribing-to-our-newsletter\/#primaryimage\"},\"image\":{\"@id\":\"https:\/\/www.talium-assets.com\/thank-you-for-subscribing-to-our-newsletter\/#primaryimage\"},\"thumbnailUrl\":\"https:\/\/www.talium-assets.com\/wp-content\/uploads\/2020\/11\/bg-email.png\",\"datePublished\":\"2020-11-30T14:07:42+00:00\",\"dateModified\":\"2020-12-04T15:10:49+00:00\",\"description\":\"Merci ! Merci d'avoir souscrit \u00e0 la newsletter. Consultez votre boite pour voir notre e-mail de bienvenue. Retourner \u00e0 la page principale\",\"breadcrumb\":{\"@id\":\"https:\/\/www.talium-assets.com\/thank-you-for-subscribing-to-our-newsletter\/#breadcrumb\"},\"inLanguage\":\"fr-FR\",\"potentialAction\":[{\"@type\":\"ReadAction\",\"target\":[\"https:\/\/www.talium-assets.com\/thank-you-for-subscribing-to-our-newsletter\/\"]}]},{\"@type\":\"ImageObject\",\"inLanguage\":\"fr-FR\",\"@id\":\"https:\/\/www.talium-assets.com\/thank-you-for-subscribing-to-our-newsletter\/#primaryimage\",\"url\":\"https:\/\/www.talium-assets.com\/wp-content\/uploads\/2020\/11\/bg-email.png\",\"contentUrl\":\"https:\/\/www.talium-assets.com\/wp-content\/uploads\/2020\/11\/bg-email.png\"},{\"@type\":\"BreadcrumbList\",\"@id\":\"https:\/\/www.talium-assets.com\/thank-you-for-subscribing-to-our-newsletter\/#breadcrumb\",\"itemListElement\":[{\"@type\":\"ListItem\",\"position\":1,\"name\":\"Home\",\"item\":\"https:\/\/www.talium-assets.com\/fr\/\"},{\"@type\":\"ListItem\",\"position\":2,\"name\":\"Merci d&#8217;avoir souscrit \u00e0 la newsletter\"}]},{\"@type\":\"WebSite\",\"@id\":\"https:\/\/www.talium-assets.com\/#website\",\"url\":\"https:\/\/www.talium-assets.com\/\",\"name\":\"Talium-assets\",\"description\":\"Next level Tokenization Platform\",\"publisher\":{\"@id\":\"https:\/\/www.talium-assets.com\/#organization\"},\"potentialAction\":[{\"@type\":\"SearchAction\",\"target\":{\"@type\":\"EntryPoint\",\"urlTemplate\":\"https:\/\/www.talium-assets.com\/?s={search_term_string}\"},\"query-input\":\"required name=search_term_string\"}],\"inLanguage\":\"fr-FR\"},{\"@type\":\"Organization\",\"@id\":\"https:\/\/www.talium-assets.com\/#organization\",\"name\":\"Talium-assets\",\"url\":\"https:\/\/www.talium-assets.com\/\",\"logo\":{\"@type\":\"ImageObject\",\"inLanguage\":\"fr-FR\",\"@id\":\"https:\/\/www.talium-assets.com\/#\/schema\/logo\/image\/\",\"url\":\"https:\/\/www.talium-assets.com\/wp-content\/uploads\/2024\/04\/Talium_Assets_Logo.png\",\"contentUrl\":\"https:\/\/www.talium-assets.com\/wp-content\/uploads\/2024\/04\/Talium_Assets_Logo.png\",\"width\":1594,\"height\":548,\"caption\":\"Talium-assets\"},\"image\":{\"@id\":\"https:\/\/www.talium-assets.com\/#\/schema\/logo\/image\/\"},\"sameAs\":[\"https:\/\/www.linkedin.com\/company\/68882684\/admin\/feed\/posts\/\"]}]}<\/script>\n<!-- \/ Yoast SEO plugin. -->","yoast_head_json":{"title":"Merci d'avoir souscrit \u00e0 la newsletter - Talium-assets","description":"Merci ! Merci d'avoir souscrit \u00e0 la newsletter. Consultez votre boite pour voir notre e-mail de bienvenue. Retourner \u00e0 la page principale","robots":{"index":"noindex","follow":"nofollow"},"og_locale":"fr_FR","og_type":"article","og_title":"Merci d'avoir souscrit \u00e0 la newsletter - Talium-assets","og_description":"Merci ! Merci d'avoir souscrit \u00e0 la newsletter. Consultez votre boite pour voir notre e-mail de bienvenue. Retourner \u00e0 la page principale","og_url":"https:\/\/www.talium-assets.com\/thank-you-for-subscribing-to-our-newsletter\/","og_site_name":"Talium-assets","article_modified_time":"2020-12-04T15:10:49+00:00","og_image":[{"url":"https:\/\/www.talium-assets.com\/wp-content\/uploads\/2020\/11\/bg-email.png"}],"twitter_card":"summary_large_image","schema":{"@context":"https:\/\/schema.org","@graph":[{"@type":"WebPage","@id":"https:\/\/www.talium-assets.com\/thank-you-for-subscribing-to-our-newsletter\/","url":"https:\/\/www.talium-assets.com\/thank-you-for-subscribing-to-our-newsletter\/","name":"Merci d'avoir souscrit \u00e0 la newsletter - Talium-assets","isPartOf":{"@id":"https:\/\/www.talium-assets.com\/#website"},"primaryImageOfPage":{"@id":"https:\/\/www.talium-assets.com\/thank-you-for-subscribing-to-our-newsletter\/#primaryimage"},"image":{"@id":"https:\/\/www.talium-assets.com\/thank-you-for-subscribing-to-our-newsletter\/#primaryimage"},"thumbnailUrl":"https:\/\/www.talium-assets.com\/wp-content\/uploads\/2020\/11\/bg-email.png","datePublished":"2020-11-30T14:07:42+00:00","dateModified":"2020-12-04T15:10:49+00:00","description":"Merci ! Merci d'avoir souscrit \u00e0 la newsletter. Consultez votre boite pour voir notre e-mail de bienvenue. Retourner \u00e0 la page principale","breadcrumb":{"@id":"https:\/\/www.talium-assets.com\/thank-you-for-subscribing-to-our-newsletter\/#breadcrumb"},"inLanguage":"fr-FR","potentialAction":[{"@type":"ReadAction","target":["https:\/\/www.talium-assets.com\/thank-you-for-subscribing-to-our-newsletter\/"]}]},{"@type":"ImageObject","inLanguage":"fr-FR","@id":"https:\/\/www.talium-assets.com\/thank-you-for-subscribing-to-our-newsletter\/#primaryimage","url":"https:\/\/www.talium-assets.com\/wp-content\/uploads\/2020\/11\/bg-email.png","contentUrl":"https:\/\/www.talium-assets.com\/wp-content\/uploads\/2020\/11\/bg-email.png"},{"@type":"BreadcrumbList","@id":"https:\/\/www.talium-assets.com\/thank-you-for-subscribing-to-our-newsletter\/#breadcrumb","itemListElement":[{"@type":"ListItem","position":1,"name":"Home","item":"https:\/\/www.talium-assets.com\/fr\/"},{"@type":"ListItem","position":2,"name":"Merci d&#8217;avoir souscrit \u00e0 la newsletter"}]},{"@type":"WebSite","@id":"https:\/\/www.talium-assets.com\/#website","url":"https:\/\/www.talium-assets.com\/","name":"Talium-assets","description":"Next level Tokenization Platform","publisher":{"@id":"https:\/\/www.talium-assets.com\/#organization"},"potentialAction":[{"@type":"SearchAction","target":{"@type":"EntryPoint","urlTemplate":"https:\/\/www.talium-assets.com\/?s={search_term_string}"},"query-input":"required name=search_term_string"}],"inLanguage":"fr-FR"},{"@type":"Organization","@id":"https:\/\/www.talium-assets.com\/#organization","name":"Talium-assets","url":"https:\/\/www.talium-assets.com\/","logo":{"@type":"ImageObject","inLanguage":"fr-FR","@id":"https:\/\/www.talium-assets.com\/#\/schema\/logo\/image\/","url":"https:\/\/www.talium-assets.com\/wp-content\/uploads\/2024\/04\/Talium_Assets_Logo.png","contentUrl":"https:\/\/www.talium-assets.com\/wp-content\/uploads\/2024\/04\/Talium_Assets_Logo.png","width":1594,"height":548,"caption":"Talium-assets"},"image":{"@id":"https:\/\/www.talium-assets.com\/#\/schema\/logo\/image\/"},"sameAs":["https:\/\/www.linkedin.com\/company\/68882684\/admin\/feed\/posts\/"]}]}},"_links":{"self":[{"href":"https:\/\/www.talium-assets.com\/fr\/wp-json\/wp\/v2\/pages\/9679","targetHints":{"allow":["GET"]}}],"collection":[{"href":"https:\/\/www.talium-assets.com\/fr\/wp-json\/wp\/v2\/pages"}],"about":[{"href":"https:\/\/www.talium-assets.com\/fr\/wp-json\/wp\/v2\/types\/page"}],"author":[{"embeddable":true,"href":"https:\/\/www.talium-assets.com\/fr\/wp-json\/wp\/v2\/users\/4"}],"replies":[{"embeddable":true,"href":"https:\/\/www.talium-assets.com\/fr\/wp-json\/wp\/v2\/comments?post=9679"}],"version-history":[{"count":0,"href":"https:\/\/www.talium-assets.com\/fr\/wp-json\/wp\/v2\/pages\/9679\/revisions"}],"wp:attachment":[{"href":"https:\/\/www.talium-assets.com\/fr\/wp-json\/wp\/v2\/media?parent=9679"}],"curies":[{"name":"wp","href":"https:\/\/api.w.org\/{rel}","templated":true}]}}