{"id":9612,"date":"2020-11-19T01:57:45","date_gmt":"2020-11-19T01:57:45","guid":{"rendered":"https:\/\/www.talium-assets.com\/marketplace\/"},"modified":"2021-01-06T09:39:39","modified_gmt":"2021-01-06T09:39:39","slug":"marketplace","status":"publish","type":"page","link":"https:\/\/www.talium-assets.com\/fr\/marketplace\/","title":{"rendered":"Marketplace &#8211; interm\u00e9diaires"},"content":{"rendered":"\t\t<div data-elementor-type=\"wp-page\" data-elementor-id=\"9612\" class=\"elementor elementor-9612\">\n\t\t\t\t\t\t\t\t\t<section class=\"elementor-section elementor-top-section elementor-element elementor-element-abf4a34 ot-traditional elementor-section-boxed elementor-section-height-default elementor-section-height-default\" data-id=\"abf4a34\" data-element_type=\"section\" data-settings=\"{&quot;background_background&quot;:&quot;classic&quot;}\">\n\t\t\t\t\t\t\t<div class=\"elementor-background-overlay\"><\/div>\n\t\t\t\t\t\t\t<div class=\"elementor-container elementor-column-gap-default\">\n\t\t\t\t\t<div class=\"elementor-column elementor-col-100 elementor-top-column elementor-element elementor-element-ec6e8fa ot-flex-column-vertical\" data-id=\"ec6e8fa\" data-element_type=\"column\">\n\t\t\t<div class=\"elementor-widget-wrap elementor-element-populated\">\n\t\t\t\t\t\t\t\t<div class=\"elementor-element elementor-element-81bf176 elementor-widget elementor-widget-spacer\" data-id=\"81bf176\" data-element_type=\"widget\" data-widget_type=\"spacer.default\">\n\t\t\t\t<div class=\"elementor-widget-container\">\n\t\t\t\t\t<div class=\"elementor-spacer\">\n\t\t\t<div class=\"elementor-spacer-inner\"><\/div>\n\t\t<\/div>\n\t\t\t\t<\/div>\n\t\t\t\t<\/div>\n\t\t\t\t<div class=\"elementor-element elementor-element-1b0b586 elementor-widget elementor-widget-heading\" data-id=\"1b0b586\" data-element_type=\"widget\" data-widget_type=\"heading.default\">\n\t\t\t\t<div class=\"elementor-widget-container\">\n\t\t\t<h1 class=\"elementor-heading-title elementor-size-default\">Talium Assets pour les interm\u00e9diaires<\/h1>\t\t<\/div>\n\t\t\t\t<\/div>\n\t\t\t\t<div class=\"elementor-element elementor-element-ab7a806 elementor-widget elementor-widget-spacer\" data-id=\"ab7a806\" data-element_type=\"widget\" data-widget_type=\"spacer.default\">\n\t\t\t\t<div class=\"elementor-widget-container\">\n\t\t\t\t\t<div class=\"elementor-spacer\">\n\t\t\t<div class=\"elementor-spacer-inner\"><\/div>\n\t\t<\/div>\n\t\t\t\t<\/div>\n\t\t\t\t<\/div>\n\t\t\t\t<div class=\"elementor-element elementor-element-0e794f7 elementor-widget elementor-widget-text-editor\" data-id=\"0e794f7\" data-element_type=\"widget\" data-widget_type=\"text-editor.default\">\n\t\t\t\t<div class=\"elementor-widget-container\">\n\t\t\t\t\t\t\t<h6><strong>La solution Talium Assets en marque blanche<\/strong><\/h6>\t\t\t\t\t\t<\/div>\n\t\t\t\t<\/div>\n\t\t\t\t\t<\/div>\n\t\t<\/div>\n\t\t\t\t\t\t\t<\/div>\n\t\t<\/section>\n\t\t\t\t<section class=\"elementor-section elementor-top-section elementor-element elementor-element-cfd4b7c ot-traditional elementor-section-boxed elementor-section-height-default elementor-section-height-default\" data-id=\"cfd4b7c\" data-element_type=\"section\">\n\t\t\t\t\t\t<div class=\"elementor-container elementor-column-gap-default\">\n\t\t\t\t\t<div class=\"elementor-column elementor-col-50 elementor-top-column elementor-element elementor-element-4e03001 ot-flex-column-vertical\" data-id=\"4e03001\" data-element_type=\"column\">\n\t\t\t<div class=\"elementor-widget-wrap elementor-element-populated\">\n\t\t\t\t\t\t\t\t<div class=\"elementor-element elementor-element-c12b20a elementor-widget elementor-widget-image\" data-id=\"c12b20a\" data-element_type=\"widget\" data-widget_type=\"image.default\">\n\t\t\t\t<div class=\"elementor-widget-container\">\n\t\t\t\t\t\t\t\t\t\t\t\t\t\t\t<img loading=\"lazy\" decoding=\"async\" width=\"1024\" height=\"619\" src=\"https:\/\/www.talium-assets.com\/wp-content\/uploads\/2020\/11\/TA-image1@2x-1024x619.png\" class=\"attachment-large size-large wp-image-8170\" alt=\"\" srcset=\"https:\/\/www.talium-assets.com\/wp-content\/uploads\/2020\/11\/TA-image1@2x-1024x619.png 1024w, https:\/\/www.talium-assets.com\/wp-content\/uploads\/2020\/11\/TA-image1@2x-300x181.png 300w, https:\/\/www.talium-assets.com\/wp-content\/uploads\/2020\/11\/TA-image1@2x-768x464.png 768w, https:\/\/www.talium-assets.com\/wp-content\/uploads\/2020\/11\/TA-image1@2x-720x435.png 720w, https:\/\/www.talium-assets.com\/wp-content\/uploads\/2020\/11\/TA-image1@2x-600x363.png 600w, https:\/\/www.talium-assets.com\/wp-content\/uploads\/2020\/11\/TA-image1@2x.png 1122w\" sizes=\"auto, (max-width: 1024px) 100vw, 1024px\" \/>\t\t\t\t\t\t\t\t\t\t\t\t\t\t\t<\/div>\n\t\t\t\t<\/div>\n\t\t\t\t\t<\/div>\n\t\t<\/div>\n\t\t\t\t<div class=\"elementor-column elementor-col-50 elementor-top-column elementor-element elementor-element-4fd4039 ot-column-items-center ot-flex-column-vertical\" data-id=\"4fd4039\" data-element_type=\"column\">\n\t\t\t<div class=\"elementor-widget-wrap elementor-element-populated\">\n\t\t\t\t\t\t\t\t<div class=\"elementor-element elementor-element-63a5423 elementor-widget elementor-widget-text-editor\" data-id=\"63a5423\" data-element_type=\"widget\" data-widget_type=\"text-editor.default\">\n\t\t\t\t<div class=\"elementor-widget-container\">\n\t\t\t\t\t\t\t<p><span style=\"font-weight: 400;\">La plateforme offre des places de march\u00e9 o\u00f9 les opportunit\u00e9s d&rsquo;investissement (titres des \u00e9metteurs) et les investisseurs peuvent se rencontrer facilement.<br \/>Les processus d&rsquo;investissement deviennent simples, rapides et rentables.<\/span><\/p>\t\t\t\t\t\t<\/div>\n\t\t\t\t<\/div>\n\t\t\t\t\t<\/div>\n\t\t<\/div>\n\t\t\t\t\t\t\t<\/div>\n\t\t<\/section>\n\t\t\t\t<section class=\"elementor-section elementor-top-section elementor-element elementor-element-05920ea ot-traditional elementor-section-boxed elementor-section-height-default elementor-section-height-default\" data-id=\"05920ea\" data-element_type=\"section\">\n\t\t\t\t\t\t<div class=\"elementor-container elementor-column-gap-default\">\n\t\t\t\t\t<div class=\"elementor-column elementor-col-100 elementor-top-column elementor-element elementor-element-15812fa ot-flex-column-vertical\" data-id=\"15812fa\" data-element_type=\"column\">\n\t\t\t<div class=\"elementor-widget-wrap elementor-element-populated\">\n\t\t\t\t\t\t\t\t<div class=\"elementor-element elementor-element-3e33545 elementor-widget elementor-widget-spacer\" data-id=\"3e33545\" data-element_type=\"widget\" data-widget_type=\"spacer.default\">\n\t\t\t\t<div class=\"elementor-widget-container\">\n\t\t\t\t\t<div class=\"elementor-spacer\">\n\t\t\t<div class=\"elementor-spacer-inner\"><\/div>\n\t\t<\/div>\n\t\t\t\t<\/div>\n\t\t\t\t<\/div>\n\t\t\t\t\t<\/div>\n\t\t<\/div>\n\t\t\t\t\t\t\t<\/div>\n\t\t<\/section>\n\t\t\t\t<section class=\"elementor-section elementor-top-section elementor-element elementor-element-394fd02 ot-traditional elementor-section-boxed elementor-section-height-default elementor-section-height-default\" data-id=\"394fd02\" data-element_type=\"section\">\n\t\t\t\t\t\t<div class=\"elementor-container elementor-column-gap-default\">\n\t\t\t\t\t<div class=\"elementor-column elementor-col-50 elementor-top-column elementor-element elementor-element-7a98ccf ot-column-items-center ot-flex-column-vertical\" data-id=\"7a98ccf\" data-element_type=\"column\">\n\t\t\t<div class=\"elementor-widget-wrap elementor-element-populated\">\n\t\t\t\t\t\t\t\t<div class=\"elementor-element elementor-element-819b163 elementor-widget elementor-widget-text-editor\" data-id=\"819b163\" data-element_type=\"widget\" data-widget_type=\"text-editor.default\">\n\t\t\t\t<div class=\"elementor-widget-container\">\n\t\t\t\t\t\t\t<p><span style=\"font-weight: 400;\">Talium Assets est propos\u00e9e en marque blanche aux interm\u00e9diaires en investissement. Ceux-ci peuvent soit ajuster les \u00e9l\u00e9ments graphiques de base (logo, couleurs&#8230;), soit utiliser l&rsquo;API de la plateforme pour construire leur propre interface frontale.<br \/><\/span><\/p><p><span style=\"font-weight: 400;\">La plateforme est scalable : les interm\u00e9diaires peuvent l&rsquo;utiliser pour un nombre illimit\u00e9 d&rsquo;op\u00e9rations de financement.<\/span><\/p>\t\t\t\t\t\t<\/div>\n\t\t\t\t<\/div>\n\t\t\t\t\t<\/div>\n\t\t<\/div>\n\t\t\t\t<div class=\"elementor-column elementor-col-50 elementor-top-column elementor-element elementor-element-e70e5b4 ot-flex-column-vertical\" data-id=\"e70e5b4\" data-element_type=\"column\">\n\t\t\t<div class=\"elementor-widget-wrap elementor-element-populated\">\n\t\t\t\t\t\t\t\t<div class=\"elementor-element elementor-element-3ba7af4 elementor-widget elementor-widget-image\" data-id=\"3ba7af4\" data-element_type=\"widget\" data-widget_type=\"image.default\">\n\t\t\t\t<div class=\"elementor-widget-container\">\n\t\t\t\t\t\t\t\t\t\t\t\t\t\t\t<img loading=\"lazy\" decoding=\"async\" width=\"1024\" height=\"564\" src=\"https:\/\/www.talium-assets.com\/wp-content\/uploads\/2020\/11\/TA-image2@2x-1024x564.png\" class=\"attachment-large size-large wp-image-8169\" alt=\"\" srcset=\"https:\/\/www.talium-assets.com\/wp-content\/uploads\/2020\/11\/TA-image2@2x-1024x564.png 1024w, https:\/\/www.talium-assets.com\/wp-content\/uploads\/2020\/11\/TA-image2@2x-300x165.png 300w, https:\/\/www.talium-assets.com\/wp-content\/uploads\/2020\/11\/TA-image2@2x-768x423.png 768w, https:\/\/www.talium-assets.com\/wp-content\/uploads\/2020\/11\/TA-image2@2x-720x396.png 720w, https:\/\/www.talium-assets.com\/wp-content\/uploads\/2020\/11\/TA-image2@2x-600x330.png 600w, https:\/\/www.talium-assets.com\/wp-content\/uploads\/2020\/11\/TA-image2@2x.png 1306w\" sizes=\"auto, (max-width: 1024px) 100vw, 1024px\" \/>\t\t\t\t\t\t\t\t\t\t\t\t\t\t\t<\/div>\n\t\t\t\t<\/div>\n\t\t\t\t\t<\/div>\n\t\t<\/div>\n\t\t\t\t\t\t\t<\/div>\n\t\t<\/section>\n\t\t\t\t<section class=\"elementor-section elementor-top-section elementor-element elementor-element-06b3285 ot-traditional elementor-section-boxed elementor-section-height-default elementor-section-height-default\" data-id=\"06b3285\" data-element_type=\"section\">\n\t\t\t\t\t\t<div class=\"elementor-container elementor-column-gap-default\">\n\t\t\t\t\t<div class=\"elementor-column elementor-col-33 elementor-top-column elementor-element elementor-element-7dd7c17 ot-flex-column-vertical\" data-id=\"7dd7c17\" data-element_type=\"column\">\n\t\t\t<div class=\"elementor-widget-wrap elementor-element-populated\">\n\t\t\t\t\t\t\t\t<div class=\"elementor-element elementor-element-4cc151f elementor-widget elementor-widget-heading\" data-id=\"4cc151f\" data-element_type=\"widget\" data-widget_type=\"heading.default\">\n\t\t\t\t<div class=\"elementor-widget-container\">\n\t\t\t<h5 class=\"elementor-heading-title elementor-size-default\">Obtenez une bonne vue d'ensemble :\n<\/h5>\t\t<\/div>\n\t\t\t\t<\/div>\n\t\t\t\t\t<\/div>\n\t\t<\/div>\n\t\t\t\t<div class=\"elementor-column elementor-col-66 elementor-top-column elementor-element elementor-element-c98dcd6 ot-flex-column-vertical\" data-id=\"c98dcd6\" data-element_type=\"column\">\n\t\t\t<div class=\"elementor-widget-wrap elementor-element-populated\">\n\t\t\t\t\t\t\t\t<div class=\"elementor-element elementor-element-eab5b03 elementor-view-stacked elementor-position-left elementor-vertical-align-bottom elementor-shape-circle elementor-mobile-position-top elementor-widget elementor-widget-icon-box\" data-id=\"eab5b03\" data-element_type=\"widget\" data-widget_type=\"icon-box.default\">\n\t\t\t\t<div class=\"elementor-widget-container\">\n\t\t\t\t\t<div class=\"elementor-icon-box-wrapper\">\n\t\t\t\t\t\t<div class=\"elementor-icon-box-icon\">\n\t\t\t\t<span class=\"elementor-icon elementor-animation-\" >\n\t\t\t\t<i aria-hidden=\"true\" class=\"fas fa-check\"><\/i>\t\t\t\t<\/span>\n\t\t\t<\/div>\n\t\t\t\t\t\t<div class=\"elementor-icon-box-content\">\n\t\t\t\t<h6 class=\"elementor-icon-box-title\">\n\t\t\t\t\t<span  >\n\t\t\t\t\t\t\t\t\t\t\t<\/span>\n\t\t\t\t<\/h6>\n\t\t\t\t\t\t\t\t\t<p class=\"elementor-icon-box-description\">\n\t\t\t\t\t\tAper\u00e7u de toutes les op\u00e9rations\t\t\t\t\t<\/p>\n\t\t\t\t\t\t\t<\/div>\n\t\t<\/div>\n\t\t\t\t<\/div>\n\t\t\t\t<\/div>\n\t\t\t\t<div class=\"elementor-element elementor-element-fa73f2d elementor-view-stacked elementor-position-left elementor-vertical-align-bottom elementor-shape-circle elementor-mobile-position-top elementor-widget elementor-widget-icon-box\" data-id=\"fa73f2d\" data-element_type=\"widget\" data-widget_type=\"icon-box.default\">\n\t\t\t\t<div class=\"elementor-widget-container\">\n\t\t\t\t\t<div class=\"elementor-icon-box-wrapper\">\n\t\t\t\t\t\t<div class=\"elementor-icon-box-icon\">\n\t\t\t\t<span class=\"elementor-icon elementor-animation-\" >\n\t\t\t\t<i aria-hidden=\"true\" class=\"fas fa-check\"><\/i>\t\t\t\t<\/span>\n\t\t\t<\/div>\n\t\t\t\t\t\t<div class=\"elementor-icon-box-content\">\n\t\t\t\t<h6 class=\"elementor-icon-box-title\">\n\t\t\t\t\t<span  >\n\t\t\t\t\t\t\t\t\t\t\t<\/span>\n\t\t\t\t<\/h6>\n\t\t\t\t\t\t\t\t\t<p class=\"elementor-icon-box-description\">\n\t\t\t\t\t\tOp\u00e9rations en cours et cl\u00f4tur\u00e9es\t\t\t\t\t<\/p>\n\t\t\t\t\t\t\t<\/div>\n\t\t<\/div>\n\t\t\t\t<\/div>\n\t\t\t\t<\/div>\n\t\t\t\t<div class=\"elementor-element elementor-element-816d530 elementor-view-stacked elementor-position-left elementor-vertical-align-bottom elementor-shape-circle elementor-mobile-position-top elementor-widget elementor-widget-icon-box\" data-id=\"816d530\" data-element_type=\"widget\" data-widget_type=\"icon-box.default\">\n\t\t\t\t<div class=\"elementor-widget-container\">\n\t\t\t\t\t<div class=\"elementor-icon-box-wrapper\">\n\t\t\t\t\t\t<div class=\"elementor-icon-box-icon\">\n\t\t\t\t<span class=\"elementor-icon elementor-animation-\" >\n\t\t\t\t<i aria-hidden=\"true\" class=\"fas fa-check\"><\/i>\t\t\t\t<\/span>\n\t\t\t<\/div>\n\t\t\t\t\t\t<div class=\"elementor-icon-box-content\">\n\t\t\t\t<h6 class=\"elementor-icon-box-title\">\n\t\t\t\t\t<span  >\n\t\t\t\t\t\t\t\t\t\t\t<\/span>\n\t\t\t\t<\/h6>\n\t\t\t\t\t\t\t\t\t<p class=\"elementor-icon-box-description\">\n\t\t\t\t\t\tListe de tous les participants d'une op\u00e9ration s\u00e9lectionn\u00e9e\t\t\t\t\t<\/p>\n\t\t\t\t\t\t\t<\/div>\n\t\t<\/div>\n\t\t\t\t<\/div>\n\t\t\t\t<\/div>\n\t\t\t\t\t<\/div>\n\t\t<\/div>\n\t\t\t\t\t\t\t<\/div>\n\t\t<\/section>\n\t\t\t\t<section class=\"elementor-section elementor-top-section elementor-element elementor-element-586df5c ot-traditional elementor-section-boxed elementor-section-height-default elementor-section-height-default\" data-id=\"586df5c\" data-element_type=\"section\">\n\t\t\t\t\t\t<div class=\"elementor-container elementor-column-gap-default\">\n\t\t\t\t\t<div class=\"elementor-column elementor-col-100 elementor-top-column elementor-element elementor-element-30037d8 ot-flex-column-vertical\" data-id=\"30037d8\" data-element_type=\"column\">\n\t\t\t<div class=\"elementor-widget-wrap elementor-element-populated\">\n\t\t\t\t\t\t\t\t<div class=\"elementor-element elementor-element-86ec818 elementor-widget elementor-widget-heading\" data-id=\"86ec818\" data-element_type=\"widget\" data-widget_type=\"heading.default\">\n\t\t\t\t<div class=\"elementor-widget-container\">\n\t\t\t<h5 class=\"elementor-heading-title elementor-size-default\">Demandez une d\u00e9mo de la plateforme Talium Assets<\/h5>\t\t<\/div>\n\t\t\t\t<\/div>\n\t\t\t\t<div class=\"elementor-element elementor-element-d7b3d06 elementor-align-center elementor-widget elementor-widget-button\" data-id=\"d7b3d06\" data-element_type=\"widget\" data-widget_type=\"button.default\">\n\t\t\t\t<div class=\"elementor-widget-container\">\n\t\t\t\t\t<div class=\"elementor-button-wrapper\">\n\t\t\t<a class=\"elementor-button elementor-button-link elementor-size-md\" href=\"https:\/\/www.talium-assets.com\/fr\/demo\/\">\n\t\t\t\t\t\t<span class=\"elementor-button-content-wrapper\">\n\t\t\t\t\t\t<span class=\"elementor-button-text\">Planifiez une d\u00e9mo<\/span>\n\t\t<\/span>\n\t\t\t\t\t<\/a>\n\t\t<\/div>\n\t\t\t\t<\/div>\n\t\t\t\t<\/div>\n\t\t\t\t<div class=\"elementor-element elementor-element-c22120c elementor-widget elementor-widget-spacer\" data-id=\"c22120c\" data-element_type=\"widget\" data-widget_type=\"spacer.default\">\n\t\t\t\t<div class=\"elementor-widget-container\">\n\t\t\t\t\t<div class=\"elementor-spacer\">\n\t\t\t<div class=\"elementor-spacer-inner\"><\/div>\n\t\t<\/div>\n\t\t\t\t<\/div>\n\t\t\t\t<\/div>\n\t\t\t\t\t<\/div>\n\t\t<\/div>\n\t\t\t\t\t\t\t<\/div>\n\t\t<\/section>\n\t\t\t\t\t\t\t<\/div>\n\t\t","protected":false},"excerpt":{"rendered":"<p>Talium Assets pour les interm\u00e9diaires La solution Talium Assets en marque blanche La plateforme offre des places de march\u00e9 o\u00f9 les opportunit\u00e9s d&rsquo;investissement (titres des \u00e9metteurs) et les investisseurs peuvent se rencontrer facilement.Les processus d&rsquo;investissement deviennent simples, rapides et rentables. Talium Assets est propos\u00e9e en marque blanche aux interm\u00e9diaires en investissement. Ceux-ci peuvent soit ajuster [&hellip;]<\/p>\n","protected":false},"author":1,"featured_media":0,"parent":0,"menu_order":0,"comment_status":"closed","ping_status":"closed","template":"","meta":{"ub_ctt_via":"","_lmt_disableupdate":"","_lmt_disable":"","footnotes":""},"class_list":["post-9612","page","type-page","status-publish","hentry"],"featured_image_src":null,"yoast_head":"<!-- This site is optimized with the Yoast SEO plugin v22.5 - https:\/\/yoast.com\/wordpress\/plugins\/seo\/ -->\n<title>Talium Assets - La plateforme de tokenisation en mode SaaS<\/title>\n<meta name=\"description\" content=\"Talium Assets vous propose une plateforme de tokenisation utilisable en SaaS. Cr\u00e9ez vos propres places de march\u00e9 d&#039;actifs num\u00e9riques.\" \/>\n<meta name=\"robots\" content=\"index, follow, max-snippet:-1, max-image-preview:large, max-video-preview:-1\" \/>\n<link rel=\"canonical\" href=\"https:\/\/www.talium-assets.com\/fr\/marketplace\/\" \/>\n<meta property=\"og:locale\" content=\"fr_FR\" \/>\n<meta property=\"og:type\" content=\"article\" \/>\n<meta property=\"og:title\" content=\"Talium Assets - La plateforme de tokenisation en mode SaaS\" \/>\n<meta property=\"og:description\" content=\"Talium Assets vous propose une plateforme de tokenisation utilisable en SaaS. Cr\u00e9ez vos propres places de march\u00e9 d&#039;actifs num\u00e9riques.\" \/>\n<meta property=\"og:url\" content=\"https:\/\/www.talium-assets.com\/marketplace\/\" \/>\n<meta property=\"og:site_name\" content=\"Talium-assets\" \/>\n<meta property=\"article:modified_time\" content=\"2021-01-06T09:39:39+00:00\" \/>\n<meta property=\"og:image\" content=\"https:\/\/www.talium-assets.com\/wp-content\/uploads\/2020\/11\/TA-image1@2x-1024x619.png\" \/>\n<meta name=\"twitter:card\" content=\"summary_large_image\" \/>\n<meta name=\"twitter:label1\" content=\"Dur\u00e9e de lecture estim\u00e9e\" \/>\n\t<meta name=\"twitter:data1\" content=\"1 minute\" \/>\n<script type=\"application\/ld+json\" class=\"yoast-schema-graph\">{\"@context\":\"https:\/\/schema.org\",\"@graph\":[{\"@type\":\"WebPage\",\"@id\":\"https:\/\/www.talium-assets.com\/marketplace\/\",\"url\":\"https:\/\/www.talium-assets.com\/marketplace\/\",\"name\":\"Talium Assets - La plateforme de tokenisation en mode SaaS\",\"isPartOf\":{\"@id\":\"https:\/\/www.talium-assets.com\/#website\"},\"primaryImageOfPage\":{\"@id\":\"https:\/\/www.talium-assets.com\/marketplace\/#primaryimage\"},\"image\":{\"@id\":\"https:\/\/www.talium-assets.com\/marketplace\/#primaryimage\"},\"thumbnailUrl\":\"https:\/\/www.talium-assets.com\/wp-content\/uploads\/2020\/11\/TA-image1@2x-1024x619.png\",\"datePublished\":\"2020-11-19T01:57:45+00:00\",\"dateModified\":\"2021-01-06T09:39:39+00:00\",\"description\":\"Talium Assets vous propose une plateforme de tokenisation utilisable en SaaS. Cr\u00e9ez vos propres places de march\u00e9 d'actifs num\u00e9riques.\",\"breadcrumb\":{\"@id\":\"https:\/\/www.talium-assets.com\/marketplace\/#breadcrumb\"},\"inLanguage\":\"fr-FR\",\"potentialAction\":[{\"@type\":\"ReadAction\",\"target\":[\"https:\/\/www.talium-assets.com\/marketplace\/\"]}]},{\"@type\":\"ImageObject\",\"inLanguage\":\"fr-FR\",\"@id\":\"https:\/\/www.talium-assets.com\/marketplace\/#primaryimage\",\"url\":\"https:\/\/www.talium-assets.com\/wp-content\/uploads\/2020\/11\/TA-image1@2x-1024x619.png\",\"contentUrl\":\"https:\/\/www.talium-assets.com\/wp-content\/uploads\/2020\/11\/TA-image1@2x-1024x619.png\"},{\"@type\":\"BreadcrumbList\",\"@id\":\"https:\/\/www.talium-assets.com\/marketplace\/#breadcrumb\",\"itemListElement\":[{\"@type\":\"ListItem\",\"position\":1,\"name\":\"Home\",\"item\":\"https:\/\/www.talium-assets.com\/fr\/\"},{\"@type\":\"ListItem\",\"position\":2,\"name\":\"Marketplace &#8211; interm\u00e9diaires\"}]},{\"@type\":\"WebSite\",\"@id\":\"https:\/\/www.talium-assets.com\/#website\",\"url\":\"https:\/\/www.talium-assets.com\/\",\"name\":\"Talium-assets\",\"description\":\"Next level Tokenization Platform\",\"publisher\":{\"@id\":\"https:\/\/www.talium-assets.com\/#organization\"},\"potentialAction\":[{\"@type\":\"SearchAction\",\"target\":{\"@type\":\"EntryPoint\",\"urlTemplate\":\"https:\/\/www.talium-assets.com\/?s={search_term_string}\"},\"query-input\":\"required name=search_term_string\"}],\"inLanguage\":\"fr-FR\"},{\"@type\":\"Organization\",\"@id\":\"https:\/\/www.talium-assets.com\/#organization\",\"name\":\"Talium-assets\",\"url\":\"https:\/\/www.talium-assets.com\/\",\"logo\":{\"@type\":\"ImageObject\",\"inLanguage\":\"fr-FR\",\"@id\":\"https:\/\/www.talium-assets.com\/#\/schema\/logo\/image\/\",\"url\":\"https:\/\/www.talium-assets.com\/wp-content\/uploads\/2024\/04\/Talium_Assets_Logo.png\",\"contentUrl\":\"https:\/\/www.talium-assets.com\/wp-content\/uploads\/2024\/04\/Talium_Assets_Logo.png\",\"width\":1594,\"height\":548,\"caption\":\"Talium-assets\"},\"image\":{\"@id\":\"https:\/\/www.talium-assets.com\/#\/schema\/logo\/image\/\"},\"sameAs\":[\"https:\/\/www.linkedin.com\/company\/68882684\/admin\/feed\/posts\/\"]}]}<\/script>\n<!-- \/ Yoast SEO plugin. -->","yoast_head_json":{"title":"Talium Assets - La plateforme de tokenisation en mode SaaS","description":"Talium Assets vous propose une plateforme de tokenisation utilisable en SaaS. Cr\u00e9ez vos propres places de march\u00e9 d'actifs num\u00e9riques.","robots":{"index":"index","follow":"follow","max-snippet":"max-snippet:-1","max-image-preview":"max-image-preview:large","max-video-preview":"max-video-preview:-1"},"canonical":"https:\/\/www.talium-assets.com\/fr\/marketplace\/","og_locale":"fr_FR","og_type":"article","og_title":"Talium Assets - La plateforme de tokenisation en mode SaaS","og_description":"Talium Assets vous propose une plateforme de tokenisation utilisable en SaaS. Cr\u00e9ez vos propres places de march\u00e9 d'actifs num\u00e9riques.","og_url":"https:\/\/www.talium-assets.com\/marketplace\/","og_site_name":"Talium-assets","article_modified_time":"2021-01-06T09:39:39+00:00","og_image":[{"url":"https:\/\/www.talium-assets.com\/wp-content\/uploads\/2020\/11\/TA-image1@2x-1024x619.png"}],"twitter_card":"summary_large_image","twitter_misc":{"Dur\u00e9e de lecture estim\u00e9e":"1 minute"},"schema":{"@context":"https:\/\/schema.org","@graph":[{"@type":"WebPage","@id":"https:\/\/www.talium-assets.com\/marketplace\/","url":"https:\/\/www.talium-assets.com\/marketplace\/","name":"Talium Assets - La plateforme de tokenisation en mode SaaS","isPartOf":{"@id":"https:\/\/www.talium-assets.com\/#website"},"primaryImageOfPage":{"@id":"https:\/\/www.talium-assets.com\/marketplace\/#primaryimage"},"image":{"@id":"https:\/\/www.talium-assets.com\/marketplace\/#primaryimage"},"thumbnailUrl":"https:\/\/www.talium-assets.com\/wp-content\/uploads\/2020\/11\/TA-image1@2x-1024x619.png","datePublished":"2020-11-19T01:57:45+00:00","dateModified":"2021-01-06T09:39:39+00:00","description":"Talium Assets vous propose une plateforme de tokenisation utilisable en SaaS. Cr\u00e9ez vos propres places de march\u00e9 d'actifs num\u00e9riques.","breadcrumb":{"@id":"https:\/\/www.talium-assets.com\/marketplace\/#breadcrumb"},"inLanguage":"fr-FR","potentialAction":[{"@type":"ReadAction","target":["https:\/\/www.talium-assets.com\/marketplace\/"]}]},{"@type":"ImageObject","inLanguage":"fr-FR","@id":"https:\/\/www.talium-assets.com\/marketplace\/#primaryimage","url":"https:\/\/www.talium-assets.com\/wp-content\/uploads\/2020\/11\/TA-image1@2x-1024x619.png","contentUrl":"https:\/\/www.talium-assets.com\/wp-content\/uploads\/2020\/11\/TA-image1@2x-1024x619.png"},{"@type":"BreadcrumbList","@id":"https:\/\/www.talium-assets.com\/marketplace\/#breadcrumb","itemListElement":[{"@type":"ListItem","position":1,"name":"Home","item":"https:\/\/www.talium-assets.com\/fr\/"},{"@type":"ListItem","position":2,"name":"Marketplace &#8211; interm\u00e9diaires"}]},{"@type":"WebSite","@id":"https:\/\/www.talium-assets.com\/#website","url":"https:\/\/www.talium-assets.com\/","name":"Talium-assets","description":"Next level Tokenization Platform","publisher":{"@id":"https:\/\/www.talium-assets.com\/#organization"},"potentialAction":[{"@type":"SearchAction","target":{"@type":"EntryPoint","urlTemplate":"https:\/\/www.talium-assets.com\/?s={search_term_string}"},"query-input":"required name=search_term_string"}],"inLanguage":"fr-FR"},{"@type":"Organization","@id":"https:\/\/www.talium-assets.com\/#organization","name":"Talium-assets","url":"https:\/\/www.talium-assets.com\/","logo":{"@type":"ImageObject","inLanguage":"fr-FR","@id":"https:\/\/www.talium-assets.com\/#\/schema\/logo\/image\/","url":"https:\/\/www.talium-assets.com\/wp-content\/uploads\/2024\/04\/Talium_Assets_Logo.png","contentUrl":"https:\/\/www.talium-assets.com\/wp-content\/uploads\/2024\/04\/Talium_Assets_Logo.png","width":1594,"height":548,"caption":"Talium-assets"},"image":{"@id":"https:\/\/www.talium-assets.com\/#\/schema\/logo\/image\/"},"sameAs":["https:\/\/www.linkedin.com\/company\/68882684\/admin\/feed\/posts\/"]}]}},"_links":{"self":[{"href":"https:\/\/www.talium-assets.com\/fr\/wp-json\/wp\/v2\/pages\/9612","targetHints":{"allow":["GET"]}}],"collection":[{"href":"https:\/\/www.talium-assets.com\/fr\/wp-json\/wp\/v2\/pages"}],"about":[{"href":"https:\/\/www.talium-assets.com\/fr\/wp-json\/wp\/v2\/types\/page"}],"author":[{"embeddable":true,"href":"https:\/\/www.talium-assets.com\/fr\/wp-json\/wp\/v2\/users\/1"}],"replies":[{"embeddable":true,"href":"https:\/\/www.talium-assets.com\/fr\/wp-json\/wp\/v2\/comments?post=9612"}],"version-history":[{"count":0,"href":"https:\/\/www.talium-assets.com\/fr\/wp-json\/wp\/v2\/pages\/9612\/revisions"}],"wp:attachment":[{"href":"https:\/\/www.talium-assets.com\/fr\/wp-json\/wp\/v2\/media?parent=9612"}],"curies":[{"name":"wp","href":"https:\/\/api.w.org\/{rel}","templated":true}]}}