{"id":9606,"date":"2020-02-28T03:31:32","date_gmt":"2020-02-28T03:31:32","guid":{"rendered":"https:\/\/www.talium-assets.com\/issuer\/"},"modified":"2021-01-08T16:01:04","modified_gmt":"2021-01-08T16:01:04","slug":"issuer","status":"publish","type":"page","link":"https:\/\/www.talium-assets.com\/fr\/issuer\/","title":{"rendered":"\u00c9metteurs"},"content":{"rendered":"\t\t<div data-elementor-type=\"wp-page\" data-elementor-id=\"9606\" class=\"elementor elementor-9606\">\n\t\t\t\t\t\t\t\t\t<section class=\"elementor-section elementor-top-section elementor-element elementor-element-abf4a34 ot-traditional elementor-section-boxed elementor-section-height-default elementor-section-height-default\" data-id=\"abf4a34\" data-element_type=\"section\" data-settings=\"{&quot;background_background&quot;:&quot;slideshow&quot;,&quot;background_slideshow_gallery&quot;:[{&quot;id&quot;:7826,&quot;url&quot;:&quot;https:\\\/\\\/www.talium-assets.com\\\/wp-content\\\/uploads\\\/2020\\\/11\\\/bcg1@3x.png&quot;}],&quot;background_slideshow_loop&quot;:&quot;yes&quot;,&quot;background_slideshow_slide_duration&quot;:5000,&quot;background_slideshow_slide_transition&quot;:&quot;fade&quot;,&quot;background_slideshow_transition_duration&quot;:500}\">\n\t\t\t\t\t\t\t<div class=\"elementor-background-overlay\"><\/div>\n\t\t\t\t\t\t\t<div class=\"elementor-container elementor-column-gap-default\">\n\t\t\t\t\t<div class=\"elementor-column elementor-col-100 elementor-top-column elementor-element elementor-element-ec6e8fa ot-flex-column-vertical\" data-id=\"ec6e8fa\" data-element_type=\"column\">\n\t\t\t<div class=\"elementor-widget-wrap elementor-element-populated\">\n\t\t\t\t\t\t\t\t<div class=\"elementor-element elementor-element-ab7a806 elementor-widget elementor-widget-spacer\" data-id=\"ab7a806\" data-element_type=\"widget\" data-widget_type=\"spacer.default\">\n\t\t\t\t<div class=\"elementor-widget-container\">\n\t\t\t\t\t<div class=\"elementor-spacer\">\n\t\t\t<div class=\"elementor-spacer-inner\"><\/div>\n\t\t<\/div>\n\t\t\t\t<\/div>\n\t\t\t\t<\/div>\n\t\t\t\t<section class=\"elementor-section elementor-inner-section elementor-element elementor-element-632ea13 ot-traditional elementor-section-boxed elementor-section-height-default elementor-section-height-default\" data-id=\"632ea13\" data-element_type=\"section\">\n\t\t\t\t\t\t<div class=\"elementor-container elementor-column-gap-default\">\n\t\t\t\t\t<div class=\"elementor-column elementor-col-100 elementor-inner-column elementor-element elementor-element-6de0da0 ot-flex-column-vertical\" data-id=\"6de0da0\" data-element_type=\"column\">\n\t\t\t<div class=\"elementor-widget-wrap elementor-element-populated\">\n\t\t\t\t\t\t\t\t<div class=\"elementor-element elementor-element-02d8b2b elementor-widget elementor-widget-heading\" data-id=\"02d8b2b\" data-element_type=\"widget\" data-widget_type=\"heading.default\">\n\t\t\t\t<div class=\"elementor-widget-container\">\n\t\t\t<h1 class=\"elementor-heading-title elementor-size-default\">\u00c9metteurs<\/h1>\t\t<\/div>\n\t\t\t\t<\/div>\n\t\t\t\t\t<\/div>\n\t\t<\/div>\n\t\t\t\t\t\t\t<\/div>\n\t\t<\/section>\n\t\t\t\t<section class=\"elementor-section elementor-inner-section elementor-element elementor-element-da4eb1f ot-traditional elementor-section-boxed elementor-section-height-default elementor-section-height-default\" data-id=\"da4eb1f\" data-element_type=\"section\">\n\t\t\t\t\t\t<div class=\"elementor-container elementor-column-gap-default\">\n\t\t\t\t\t<div class=\"elementor-column elementor-col-100 elementor-inner-column elementor-element elementor-element-c4b73f6 ot-flex-column-vertical\" data-id=\"c4b73f6\" data-element_type=\"column\">\n\t\t\t<div class=\"elementor-widget-wrap elementor-element-populated\">\n\t\t\t\t\t\t\t\t<div class=\"elementor-element elementor-element-5e36c48 elementor-widget elementor-widget-text-editor\" data-id=\"5e36c48\" data-element_type=\"widget\" data-widget_type=\"text-editor.default\">\n\t\t\t\t<div class=\"elementor-widget-container\">\n\t\t\t\t\t\t\t<span style=\"font-weight: 400;\">Talium Assets vous permet de lever des fonds en \u00e9mettant vos titres financiers (et autres actifs) sous forme num\u00e9rique. Cette m\u00e9thode est plus rapide et moins co\u00fbteuse que la m\u00e9thode traditionnelle.<\/span>\t\t\t\t\t\t<\/div>\n\t\t\t\t<\/div>\n\t\t\t\t\t<\/div>\n\t\t<\/div>\n\t\t\t\t\t\t\t<\/div>\n\t\t<\/section>\n\t\t\t\t\t<\/div>\n\t\t<\/div>\n\t\t\t\t\t\t\t<\/div>\n\t\t<\/section>\n\t\t\t\t<section class=\"elementor-section elementor-top-section elementor-element elementor-element-cfd4b7c ot-traditional elementor-section-boxed elementor-section-height-default elementor-section-height-default\" data-id=\"cfd4b7c\" data-element_type=\"section\">\n\t\t\t\t\t\t<div class=\"elementor-container elementor-column-gap-default\">\n\t\t\t\t\t<div class=\"elementor-column elementor-col-50 elementor-top-column elementor-element elementor-element-4e03001 ot-flex-column-vertical\" data-id=\"4e03001\" data-element_type=\"column\">\n\t\t\t<div class=\"elementor-widget-wrap elementor-element-populated\">\n\t\t\t\t\t\t\t\t<div class=\"elementor-element elementor-element-c12b20a elementor-widget elementor-widget-image\" data-id=\"c12b20a\" data-element_type=\"widget\" data-widget_type=\"image.default\">\n\t\t\t\t<div class=\"elementor-widget-container\">\n\t\t\t\t\t\t\t\t\t\t\t\t\t\t\t<img loading=\"lazy\" decoding=\"async\" width=\"1024\" height=\"666\" src=\"https:\/\/www.talium-assets.com\/wp-content\/uploads\/2020\/11\/s1@2x-1024x666.png\" class=\"attachment-large size-large wp-image-8171\" alt=\"\" srcset=\"https:\/\/www.talium-assets.com\/wp-content\/uploads\/2020\/11\/s1@2x-1024x666.png 1024w, https:\/\/www.talium-assets.com\/wp-content\/uploads\/2020\/11\/s1@2x-300x195.png 300w, https:\/\/www.talium-assets.com\/wp-content\/uploads\/2020\/11\/s1@2x-768x500.png 768w, https:\/\/www.talium-assets.com\/wp-content\/uploads\/2020\/11\/s1@2x-720x468.png 720w, https:\/\/www.talium-assets.com\/wp-content\/uploads\/2020\/11\/s1@2x-600x390.png 600w, https:\/\/www.talium-assets.com\/wp-content\/uploads\/2020\/11\/s1@2x.png 1042w\" sizes=\"auto, (max-width: 1024px) 100vw, 1024px\" \/>\t\t\t\t\t\t\t\t\t\t\t\t\t\t\t<\/div>\n\t\t\t\t<\/div>\n\t\t\t\t\t<\/div>\n\t\t<\/div>\n\t\t\t\t<div class=\"elementor-column elementor-col-50 elementor-top-column elementor-element elementor-element-4fd4039 ot-column-items-center ot-flex-column-vertical\" data-id=\"4fd4039\" data-element_type=\"column\">\n\t\t\t<div class=\"elementor-widget-wrap elementor-element-populated\">\n\t\t\t\t\t\t\t\t<div class=\"elementor-element elementor-element-f7fb464 elementor-widget elementor-widget-heading\" data-id=\"f7fb464\" data-element_type=\"widget\" data-widget_type=\"heading.default\">\n\t\t\t\t<div class=\"elementor-widget-container\">\n\t\t\t<h4 class=\"elementor-heading-title elementor-size-default\">Vue d'ensemble<\/h4>\t\t<\/div>\n\t\t\t\t<\/div>\n\t\t\t\t<div class=\"elementor-element elementor-element-aa37ad0 elementor-widget elementor-widget-spacer\" data-id=\"aa37ad0\" data-element_type=\"widget\" data-widget_type=\"spacer.default\">\n\t\t\t\t<div class=\"elementor-widget-container\">\n\t\t\t\t\t<div class=\"elementor-spacer\">\n\t\t\t<div class=\"elementor-spacer-inner\"><\/div>\n\t\t<\/div>\n\t\t\t\t<\/div>\n\t\t\t\t<\/div>\n\t\t\t\t<div class=\"elementor-element elementor-element-63a5423 elementor-widget elementor-widget-text-editor\" data-id=\"63a5423\" data-element_type=\"widget\" data-widget_type=\"text-editor.default\">\n\t\t\t\t<div class=\"elementor-widget-container\">\n\t\t\t\t\t\t\t<p><span style=\"font-weight: 400;\">Aper\u00e7u d&rsquo;une liste d&rsquo;investisseurs pour vous permettre de les inviter \u00e0 vos op\u00e9rations en cours, et futures.<\/span><\/p>\t\t\t\t\t\t<\/div>\n\t\t\t\t<\/div>\n\t\t\t\t\t<\/div>\n\t\t<\/div>\n\t\t\t\t\t\t\t<\/div>\n\t\t<\/section>\n\t\t\t\t<section class=\"elementor-section elementor-top-section elementor-element elementor-element-394fd02 elementor-reverse-mobile ot-traditional elementor-section-boxed elementor-section-height-default elementor-section-height-default\" data-id=\"394fd02\" data-element_type=\"section\">\n\t\t\t\t\t\t<div class=\"elementor-container elementor-column-gap-default\">\n\t\t\t\t\t<div class=\"elementor-column elementor-col-50 elementor-top-column elementor-element elementor-element-7a98ccf ot-column-items-center ot-flex-column-vertical\" data-id=\"7a98ccf\" data-element_type=\"column\">\n\t\t\t<div class=\"elementor-widget-wrap elementor-element-populated\">\n\t\t\t\t\t\t\t\t<div class=\"elementor-element elementor-element-09f13e3 elementor-widget elementor-widget-heading\" data-id=\"09f13e3\" data-element_type=\"widget\" data-widget_type=\"heading.default\">\n\t\t\t\t<div class=\"elementor-widget-container\">\n\t\t\t<h4 class=\"elementor-heading-title elementor-size-default\">Configurez<\/h4>\t\t<\/div>\n\t\t\t\t<\/div>\n\t\t\t\t<div class=\"elementor-element elementor-element-9dd912f elementor-widget elementor-widget-spacer\" data-id=\"9dd912f\" data-element_type=\"widget\" data-widget_type=\"spacer.default\">\n\t\t\t\t<div class=\"elementor-widget-container\">\n\t\t\t\t\t<div class=\"elementor-spacer\">\n\t\t\t<div class=\"elementor-spacer-inner\"><\/div>\n\t\t<\/div>\n\t\t\t\t<\/div>\n\t\t\t\t<\/div>\n\t\t\t\t<div class=\"elementor-element elementor-element-819b163 elementor-widget elementor-widget-text-editor\" data-id=\"819b163\" data-element_type=\"widget\" data-widget_type=\"text-editor.default\">\n\t\t\t\t<div class=\"elementor-widget-container\">\n\t\t\t\t\t\t\t<p>\u00c9mettez vos actifs avec une configurabilit\u00e9 avanc\u00e9e. <br \/>Contr\u00f4lez l&rsquo;ensemble du processus de distribution.<\/p><p>Simplification des op\u00e9rations post-\u00e9mission gr\u00e2ce \u00e0 l&rsquo;automatisation (distribution de dividendes ou de coupons, assembl\u00e9es g\u00e9n\u00e9rales, vote, rapports).<\/p><p><span style=\"font-weight: 400;\">\u00a0<\/span><\/p>\t\t\t\t\t\t<\/div>\n\t\t\t\t<\/div>\n\t\t\t\t\t<\/div>\n\t\t<\/div>\n\t\t\t\t<div class=\"elementor-column elementor-col-50 elementor-top-column elementor-element elementor-element-e70e5b4 ot-flex-column-vertical\" data-id=\"e70e5b4\" data-element_type=\"column\">\n\t\t\t<div class=\"elementor-widget-wrap elementor-element-populated\">\n\t\t\t\t\t\t\t\t<div class=\"elementor-element elementor-element-3ba7af4 elementor-widget elementor-widget-image\" data-id=\"3ba7af4\" data-element_type=\"widget\" data-widget_type=\"image.default\">\n\t\t\t\t<div class=\"elementor-widget-container\">\n\t\t\t\t\t\t\t\t\t\t\t\t\t\t\t<img loading=\"lazy\" decoding=\"async\" width=\"1024\" height=\"666\" src=\"https:\/\/www.talium-assets.com\/wp-content\/uploads\/2020\/11\/s2@2x-1024x666.png\" class=\"attachment-large size-large wp-image-8172\" alt=\"\" srcset=\"https:\/\/www.talium-assets.com\/wp-content\/uploads\/2020\/11\/s2@2x-1024x666.png 1024w, https:\/\/www.talium-assets.com\/wp-content\/uploads\/2020\/11\/s2@2x-300x195.png 300w, https:\/\/www.talium-assets.com\/wp-content\/uploads\/2020\/11\/s2@2x-768x500.png 768w, https:\/\/www.talium-assets.com\/wp-content\/uploads\/2020\/11\/s2@2x-720x468.png 720w, https:\/\/www.talium-assets.com\/wp-content\/uploads\/2020\/11\/s2@2x-600x390.png 600w, https:\/\/www.talium-assets.com\/wp-content\/uploads\/2020\/11\/s2@2x.png 1042w\" sizes=\"auto, (max-width: 1024px) 100vw, 1024px\" \/>\t\t\t\t\t\t\t\t\t\t\t\t\t\t\t<\/div>\n\t\t\t\t<\/div>\n\t\t\t\t\t<\/div>\n\t\t<\/div>\n\t\t\t\t\t\t\t<\/div>\n\t\t<\/section>\n\t\t\t\t<section class=\"elementor-section elementor-top-section elementor-element elementor-element-78a61fc ot-traditional elementor-section-boxed elementor-section-height-default elementor-section-height-default\" data-id=\"78a61fc\" data-element_type=\"section\">\n\t\t\t\t\t\t<div class=\"elementor-container elementor-column-gap-default\">\n\t\t\t\t\t<div class=\"elementor-column elementor-col-50 elementor-top-column elementor-element elementor-element-052628c ot-flex-column-vertical\" data-id=\"052628c\" data-element_type=\"column\">\n\t\t\t<div class=\"elementor-widget-wrap elementor-element-populated\">\n\t\t\t\t\t\t\t\t<div class=\"elementor-element elementor-element-d7ba015 elementor-widget elementor-widget-image\" data-id=\"d7ba015\" data-element_type=\"widget\" data-widget_type=\"image.default\">\n\t\t\t\t<div class=\"elementor-widget-container\">\n\t\t\t\t\t\t\t\t\t\t\t\t\t\t\t<img loading=\"lazy\" decoding=\"async\" width=\"1024\" height=\"666\" src=\"https:\/\/www.talium-assets.com\/wp-content\/uploads\/2020\/11\/s3@2x-1024x666.png\" class=\"attachment-large size-large wp-image-8173\" alt=\"\" srcset=\"https:\/\/www.talium-assets.com\/wp-content\/uploads\/2020\/11\/s3@2x-1024x666.png 1024w, https:\/\/www.talium-assets.com\/wp-content\/uploads\/2020\/11\/s3@2x-300x195.png 300w, https:\/\/www.talium-assets.com\/wp-content\/uploads\/2020\/11\/s3@2x-768x500.png 768w, https:\/\/www.talium-assets.com\/wp-content\/uploads\/2020\/11\/s3@2x-720x468.png 720w, https:\/\/www.talium-assets.com\/wp-content\/uploads\/2020\/11\/s3@2x-600x390.png 600w, https:\/\/www.talium-assets.com\/wp-content\/uploads\/2020\/11\/s3@2x.png 1042w\" sizes=\"auto, (max-width: 1024px) 100vw, 1024px\" \/>\t\t\t\t\t\t\t\t\t\t\t\t\t\t\t<\/div>\n\t\t\t\t<\/div>\n\t\t\t\t\t<\/div>\n\t\t<\/div>\n\t\t\t\t<div class=\"elementor-column elementor-col-50 elementor-top-column elementor-element elementor-element-c3963c2 ot-column-items-center ot-flex-column-vertical\" data-id=\"c3963c2\" data-element_type=\"column\">\n\t\t\t<div class=\"elementor-widget-wrap elementor-element-populated\">\n\t\t\t\t\t\t\t\t<div class=\"elementor-element elementor-element-416f90a elementor-widget elementor-widget-heading\" data-id=\"416f90a\" data-element_type=\"widget\" data-widget_type=\"heading.default\">\n\t\t\t\t<div class=\"elementor-widget-container\">\n\t\t\t<h4 class=\"elementor-heading-title elementor-size-default\">Table de capitalisation<\/h4>\t\t<\/div>\n\t\t\t\t<\/div>\n\t\t\t\t<div class=\"elementor-element elementor-element-61203dc elementor-widget elementor-widget-spacer\" data-id=\"61203dc\" data-element_type=\"widget\" data-widget_type=\"spacer.default\">\n\t\t\t\t<div class=\"elementor-widget-container\">\n\t\t\t\t\t<div class=\"elementor-spacer\">\n\t\t\t<div class=\"elementor-spacer-inner\"><\/div>\n\t\t<\/div>\n\t\t\t\t<\/div>\n\t\t\t\t<\/div>\n\t\t\t\t<div class=\"elementor-element elementor-element-ede6d99 elementor-widget elementor-widget-text-editor\" data-id=\"ede6d99\" data-element_type=\"widget\" data-widget_type=\"text-editor.default\">\n\t\t\t\t<div class=\"elementor-widget-container\">\n\t\t\t\t\t\t\t<p>Table de capitalisation \u00e0 jour.<\/p><p><span style=\"font-weight: 400;\">\u00a0<\/span><\/p>\t\t\t\t\t\t<\/div>\n\t\t\t\t<\/div>\n\t\t\t\t\t<\/div>\n\t\t<\/div>\n\t\t\t\t\t\t\t<\/div>\n\t\t<\/section>\n\t\t\t\t<section class=\"elementor-section elementor-top-section elementor-element elementor-element-586df5c ot-traditional elementor-section-boxed elementor-section-height-default elementor-section-height-default\" data-id=\"586df5c\" data-element_type=\"section\">\n\t\t\t\t\t\t<div class=\"elementor-container elementor-column-gap-default\">\n\t\t\t\t\t<div class=\"elementor-column elementor-col-100 elementor-top-column elementor-element elementor-element-30037d8 ot-flex-column-vertical\" data-id=\"30037d8\" data-element_type=\"column\">\n\t\t\t<div class=\"elementor-widget-wrap elementor-element-populated\">\n\t\t\t\t\t\t\t\t<div class=\"elementor-element elementor-element-86ec818 elementor-widget elementor-widget-heading\" data-id=\"86ec818\" data-element_type=\"widget\" data-widget_type=\"heading.default\">\n\t\t\t\t<div class=\"elementor-widget-container\">\n\t\t\t<h5 class=\"elementor-heading-title elementor-size-default\">Demandez une d\u00e9mo de la plateforme Talium Assets<\/h5>\t\t<\/div>\n\t\t\t\t<\/div>\n\t\t\t\t<div class=\"elementor-element elementor-element-d7b3d06 elementor-align-center elementor-widget elementor-widget-button\" data-id=\"d7b3d06\" data-element_type=\"widget\" data-widget_type=\"button.default\">\n\t\t\t\t<div class=\"elementor-widget-container\">\n\t\t\t\t\t<div class=\"elementor-button-wrapper\">\n\t\t\t<a class=\"elementor-button elementor-button-link elementor-size-md\" href=\"https:\/\/www.talium-assets.com\/fr\/demo\/\">\n\t\t\t\t\t\t<span class=\"elementor-button-content-wrapper\">\n\t\t\t\t\t\t<span class=\"elementor-button-text\">Planifiez une d\u00e9mo<\/span>\n\t\t<\/span>\n\t\t\t\t\t<\/a>\n\t\t<\/div>\n\t\t\t\t<\/div>\n\t\t\t\t<\/div>\n\t\t\t\t\t<\/div>\n\t\t<\/div>\n\t\t\t\t\t\t\t<\/div>\n\t\t<\/section>\n\t\t\t\t\t\t\t<\/div>\n\t\t","protected":false},"excerpt":{"rendered":"<p>\u00c9metteurs Talium Assets vous permet de lever des fonds en \u00e9mettant vos titres financiers (et autres actifs) sous forme num\u00e9rique. Cette m\u00e9thode est plus rapide et moins co\u00fbteuse que la m\u00e9thode traditionnelle. Vue d&rsquo;ensemble Aper\u00e7u d&rsquo;une liste d&rsquo;investisseurs pour vous permettre de les inviter \u00e0 vos op\u00e9rations en cours, et futures. Configurez \u00c9mettez vos actifs [&hellip;]<\/p>\n","protected":false},"author":1,"featured_media":0,"parent":0,"menu_order":0,"comment_status":"closed","ping_status":"closed","template":"","meta":{"ub_ctt_via":"","_lmt_disableupdate":"","_lmt_disable":"","footnotes":""},"class_list":["post-9606","page","type-page","status-publish","hentry"],"featured_image_src":null,"yoast_head":"<!-- This site is optimized with the Yoast SEO plugin v22.5 - https:\/\/yoast.com\/wordpress\/plugins\/seo\/ -->\n<title>Talium Assets - \u00c9mettez vos titres financiers sur notre plateforme<\/title>\n<meta name=\"description\" content=\"\u00c9mettez vos actifs directement depuis la plateforme Talium Assets et simplifiez votre lev\u00e9e de fonds. Demandez votre d\u00e9mo aujourd&#039;hui\" \/>\n<meta name=\"robots\" content=\"index, follow, max-snippet:-1, max-image-preview:large, max-video-preview:-1\" \/>\n<link rel=\"canonical\" href=\"https:\/\/www.talium-assets.com\/fr\/issuer\/\" \/>\n<meta property=\"og:locale\" content=\"fr_FR\" \/>\n<meta property=\"og:type\" content=\"article\" \/>\n<meta property=\"og:title\" content=\"Talium Assets - \u00c9mettez vos titres financiers sur notre plateforme\" \/>\n<meta property=\"og:description\" content=\"\u00c9mettez vos actifs directement depuis la plateforme Talium Assets et simplifiez votre lev\u00e9e de fonds. Demandez votre d\u00e9mo aujourd&#039;hui\" \/>\n<meta property=\"og:url\" content=\"https:\/\/www.talium-assets.com\/issuer\/\" \/>\n<meta property=\"og:site_name\" content=\"Talium-assets\" \/>\n<meta property=\"article:modified_time\" content=\"2021-01-08T16:01:04+00:00\" \/>\n<meta property=\"og:image\" content=\"https:\/\/www.talium-assets.com\/wp-content\/uploads\/2020\/11\/s1@2x-1024x666.png\" \/>\n<meta name=\"twitter:card\" content=\"summary_large_image\" \/>\n<meta name=\"twitter:label1\" content=\"Dur\u00e9e de lecture estim\u00e9e\" \/>\n\t<meta name=\"twitter:data1\" content=\"1 minute\" \/>\n<script type=\"application\/ld+json\" class=\"yoast-schema-graph\">{\"@context\":\"https:\/\/schema.org\",\"@graph\":[{\"@type\":\"WebPage\",\"@id\":\"https:\/\/www.talium-assets.com\/issuer\/\",\"url\":\"https:\/\/www.talium-assets.com\/issuer\/\",\"name\":\"Talium Assets - \u00c9mettez vos titres financiers sur notre plateforme\",\"isPartOf\":{\"@id\":\"https:\/\/www.talium-assets.com\/#website\"},\"primaryImageOfPage\":{\"@id\":\"https:\/\/www.talium-assets.com\/issuer\/#primaryimage\"},\"image\":{\"@id\":\"https:\/\/www.talium-assets.com\/issuer\/#primaryimage\"},\"thumbnailUrl\":\"https:\/\/www.talium-assets.com\/wp-content\/uploads\/2020\/11\/s1@2x-1024x666.png\",\"datePublished\":\"2020-02-28T03:31:32+00:00\",\"dateModified\":\"2021-01-08T16:01:04+00:00\",\"description\":\"\u00c9mettez vos actifs directement depuis la plateforme Talium Assets et simplifiez votre lev\u00e9e de fonds. Demandez votre d\u00e9mo aujourd'hui\",\"breadcrumb\":{\"@id\":\"https:\/\/www.talium-assets.com\/issuer\/#breadcrumb\"},\"inLanguage\":\"fr-FR\",\"potentialAction\":[{\"@type\":\"ReadAction\",\"target\":[\"https:\/\/www.talium-assets.com\/issuer\/\"]}]},{\"@type\":\"ImageObject\",\"inLanguage\":\"fr-FR\",\"@id\":\"https:\/\/www.talium-assets.com\/issuer\/#primaryimage\",\"url\":\"https:\/\/www.talium-assets.com\/wp-content\/uploads\/2020\/11\/s1@2x-1024x666.png\",\"contentUrl\":\"https:\/\/www.talium-assets.com\/wp-content\/uploads\/2020\/11\/s1@2x-1024x666.png\"},{\"@type\":\"BreadcrumbList\",\"@id\":\"https:\/\/www.talium-assets.com\/issuer\/#breadcrumb\",\"itemListElement\":[{\"@type\":\"ListItem\",\"position\":1,\"name\":\"Home\",\"item\":\"https:\/\/www.talium-assets.com\/fr\/\"},{\"@type\":\"ListItem\",\"position\":2,\"name\":\"\u00c9metteurs\"}]},{\"@type\":\"WebSite\",\"@id\":\"https:\/\/www.talium-assets.com\/#website\",\"url\":\"https:\/\/www.talium-assets.com\/\",\"name\":\"Talium-assets\",\"description\":\"Next level Tokenization Platform\",\"publisher\":{\"@id\":\"https:\/\/www.talium-assets.com\/#organization\"},\"potentialAction\":[{\"@type\":\"SearchAction\",\"target\":{\"@type\":\"EntryPoint\",\"urlTemplate\":\"https:\/\/www.talium-assets.com\/?s={search_term_string}\"},\"query-input\":\"required name=search_term_string\"}],\"inLanguage\":\"fr-FR\"},{\"@type\":\"Organization\",\"@id\":\"https:\/\/www.talium-assets.com\/#organization\",\"name\":\"Talium-assets\",\"url\":\"https:\/\/www.talium-assets.com\/\",\"logo\":{\"@type\":\"ImageObject\",\"inLanguage\":\"fr-FR\",\"@id\":\"https:\/\/www.talium-assets.com\/#\/schema\/logo\/image\/\",\"url\":\"https:\/\/www.talium-assets.com\/wp-content\/uploads\/2024\/04\/Talium_Assets_Logo.png\",\"contentUrl\":\"https:\/\/www.talium-assets.com\/wp-content\/uploads\/2024\/04\/Talium_Assets_Logo.png\",\"width\":1594,\"height\":548,\"caption\":\"Talium-assets\"},\"image\":{\"@id\":\"https:\/\/www.talium-assets.com\/#\/schema\/logo\/image\/\"},\"sameAs\":[\"https:\/\/www.linkedin.com\/company\/68882684\/admin\/feed\/posts\/\"]}]}<\/script>\n<!-- \/ Yoast SEO plugin. -->","yoast_head_json":{"title":"Talium Assets - \u00c9mettez vos titres financiers sur notre plateforme","description":"\u00c9mettez vos actifs directement depuis la plateforme Talium Assets et simplifiez votre lev\u00e9e de fonds. Demandez votre d\u00e9mo aujourd'hui","robots":{"index":"index","follow":"follow","max-snippet":"max-snippet:-1","max-image-preview":"max-image-preview:large","max-video-preview":"max-video-preview:-1"},"canonical":"https:\/\/www.talium-assets.com\/fr\/issuer\/","og_locale":"fr_FR","og_type":"article","og_title":"Talium Assets - \u00c9mettez vos titres financiers sur notre plateforme","og_description":"\u00c9mettez vos actifs directement depuis la plateforme Talium Assets et simplifiez votre lev\u00e9e de fonds. Demandez votre d\u00e9mo aujourd'hui","og_url":"https:\/\/www.talium-assets.com\/issuer\/","og_site_name":"Talium-assets","article_modified_time":"2021-01-08T16:01:04+00:00","og_image":[{"url":"https:\/\/www.talium-assets.com\/wp-content\/uploads\/2020\/11\/s1@2x-1024x666.png"}],"twitter_card":"summary_large_image","twitter_misc":{"Dur\u00e9e de lecture estim\u00e9e":"1 minute"},"schema":{"@context":"https:\/\/schema.org","@graph":[{"@type":"WebPage","@id":"https:\/\/www.talium-assets.com\/issuer\/","url":"https:\/\/www.talium-assets.com\/issuer\/","name":"Talium Assets - \u00c9mettez vos titres financiers sur notre plateforme","isPartOf":{"@id":"https:\/\/www.talium-assets.com\/#website"},"primaryImageOfPage":{"@id":"https:\/\/www.talium-assets.com\/issuer\/#primaryimage"},"image":{"@id":"https:\/\/www.talium-assets.com\/issuer\/#primaryimage"},"thumbnailUrl":"https:\/\/www.talium-assets.com\/wp-content\/uploads\/2020\/11\/s1@2x-1024x666.png","datePublished":"2020-02-28T03:31:32+00:00","dateModified":"2021-01-08T16:01:04+00:00","description":"\u00c9mettez vos actifs directement depuis la plateforme Talium Assets et simplifiez votre lev\u00e9e de fonds. Demandez votre d\u00e9mo aujourd'hui","breadcrumb":{"@id":"https:\/\/www.talium-assets.com\/issuer\/#breadcrumb"},"inLanguage":"fr-FR","potentialAction":[{"@type":"ReadAction","target":["https:\/\/www.talium-assets.com\/issuer\/"]}]},{"@type":"ImageObject","inLanguage":"fr-FR","@id":"https:\/\/www.talium-assets.com\/issuer\/#primaryimage","url":"https:\/\/www.talium-assets.com\/wp-content\/uploads\/2020\/11\/s1@2x-1024x666.png","contentUrl":"https:\/\/www.talium-assets.com\/wp-content\/uploads\/2020\/11\/s1@2x-1024x666.png"},{"@type":"BreadcrumbList","@id":"https:\/\/www.talium-assets.com\/issuer\/#breadcrumb","itemListElement":[{"@type":"ListItem","position":1,"name":"Home","item":"https:\/\/www.talium-assets.com\/fr\/"},{"@type":"ListItem","position":2,"name":"\u00c9metteurs"}]},{"@type":"WebSite","@id":"https:\/\/www.talium-assets.com\/#website","url":"https:\/\/www.talium-assets.com\/","name":"Talium-assets","description":"Next level Tokenization Platform","publisher":{"@id":"https:\/\/www.talium-assets.com\/#organization"},"potentialAction":[{"@type":"SearchAction","target":{"@type":"EntryPoint","urlTemplate":"https:\/\/www.talium-assets.com\/?s={search_term_string}"},"query-input":"required name=search_term_string"}],"inLanguage":"fr-FR"},{"@type":"Organization","@id":"https:\/\/www.talium-assets.com\/#organization","name":"Talium-assets","url":"https:\/\/www.talium-assets.com\/","logo":{"@type":"ImageObject","inLanguage":"fr-FR","@id":"https:\/\/www.talium-assets.com\/#\/schema\/logo\/image\/","url":"https:\/\/www.talium-assets.com\/wp-content\/uploads\/2024\/04\/Talium_Assets_Logo.png","contentUrl":"https:\/\/www.talium-assets.com\/wp-content\/uploads\/2024\/04\/Talium_Assets_Logo.png","width":1594,"height":548,"caption":"Talium-assets"},"image":{"@id":"https:\/\/www.talium-assets.com\/#\/schema\/logo\/image\/"},"sameAs":["https:\/\/www.linkedin.com\/company\/68882684\/admin\/feed\/posts\/"]}]}},"_links":{"self":[{"href":"https:\/\/www.talium-assets.com\/fr\/wp-json\/wp\/v2\/pages\/9606","targetHints":{"allow":["GET"]}}],"collection":[{"href":"https:\/\/www.talium-assets.com\/fr\/wp-json\/wp\/v2\/pages"}],"about":[{"href":"https:\/\/www.talium-assets.com\/fr\/wp-json\/wp\/v2\/types\/page"}],"author":[{"embeddable":true,"href":"https:\/\/www.talium-assets.com\/fr\/wp-json\/wp\/v2\/users\/1"}],"replies":[{"embeddable":true,"href":"https:\/\/www.talium-assets.com\/fr\/wp-json\/wp\/v2\/comments?post=9606"}],"version-history":[{"count":0,"href":"https:\/\/www.talium-assets.com\/fr\/wp-json\/wp\/v2\/pages\/9606\/revisions"}],"wp:attachment":[{"href":"https:\/\/www.talium-assets.com\/fr\/wp-json\/wp\/v2\/media?parent=9606"}],"curies":[{"name":"wp","href":"https:\/\/api.w.org\/{rel}","templated":true}]}}