{"id":9108,"date":"2020-11-29T21:54:26","date_gmt":"2020-11-29T21:54:26","guid":{"rendered":"https:\/\/www.talium-assets.com\/?page_id=9108"},"modified":"2020-12-04T13:57:37","modified_gmt":"2020-12-04T13:57:37","slug":"terms-conditions","status":"publish","type":"page","link":"https:\/\/www.talium-assets.com\/fr\/terms-conditions\/","title":{"rendered":"Conditions d&rsquo;utilisation"},"content":{"rendered":"\t\t<div data-elementor-type=\"wp-page\" data-elementor-id=\"9108\" class=\"elementor elementor-9108\">\n\t\t\t\t\t\t\t\t\t<section class=\"elementor-section elementor-top-section elementor-element elementor-element-abf4a34 ot-traditional elementor-section-boxed elementor-section-height-default elementor-section-height-default\" data-id=\"abf4a34\" data-element_type=\"section\" data-settings=\"{&quot;background_background&quot;:&quot;classic&quot;}\">\n\t\t\t\t\t\t<div class=\"elementor-container elementor-column-gap-default\">\n\t\t\t\t\t<div class=\"elementor-column elementor-col-100 elementor-top-column elementor-element elementor-element-ec6e8fa ot-flex-column-vertical\" data-id=\"ec6e8fa\" data-element_type=\"column\">\n\t\t\t<div class=\"elementor-widget-wrap elementor-element-populated\">\n\t\t\t\t\t\t\t\t<div class=\"elementor-element elementor-element-81bf176 elementor-widget elementor-widget-spacer\" data-id=\"81bf176\" data-element_type=\"widget\" data-widget_type=\"spacer.default\">\n\t\t\t\t<div class=\"elementor-widget-container\">\n\t\t\t\t\t<div class=\"elementor-spacer\">\n\t\t\t<div class=\"elementor-spacer-inner\"><\/div>\n\t\t<\/div>\n\t\t\t\t<\/div>\n\t\t\t\t<\/div>\n\t\t\t\t<div class=\"elementor-element elementor-element-1b0b586 elementor-widget elementor-widget-heading\" data-id=\"1b0b586\" data-element_type=\"widget\" data-widget_type=\"heading.default\">\n\t\t\t\t<div class=\"elementor-widget-container\">\n\t\t\t<h4 class=\"elementor-heading-title elementor-size-default\">Conditions d'utilisation du site web<\/h4>\t\t<\/div>\n\t\t\t\t<\/div>\n\t\t\t\t<div class=\"elementor-element elementor-element-ab7a806 elementor-widget elementor-widget-spacer\" data-id=\"ab7a806\" data-element_type=\"widget\" data-widget_type=\"spacer.default\">\n\t\t\t\t<div class=\"elementor-widget-container\">\n\t\t\t\t\t<div class=\"elementor-spacer\">\n\t\t\t<div class=\"elementor-spacer-inner\"><\/div>\n\t\t<\/div>\n\t\t\t\t<\/div>\n\t\t\t\t<\/div>\n\t\t\t\t<div class=\"elementor-element elementor-element-a56aea4 elementor-widget elementor-widget-spacer\" data-id=\"a56aea4\" data-element_type=\"widget\" data-widget_type=\"spacer.default\">\n\t\t\t\t<div class=\"elementor-widget-container\">\n\t\t\t\t\t<div class=\"elementor-spacer\">\n\t\t\t<div class=\"elementor-spacer-inner\"><\/div>\n\t\t<\/div>\n\t\t\t\t<\/div>\n\t\t\t\t<\/div>\n\t\t\t\t\t<\/div>\n\t\t<\/div>\n\t\t\t\t\t\t\t<\/div>\n\t\t<\/section>\n\t\t\t\t<section class=\"elementor-section elementor-top-section elementor-element elementor-element-3593c97 mentions ot-traditional elementor-section-boxed elementor-section-height-default elementor-section-height-default\" data-id=\"3593c97\" data-element_type=\"section\">\n\t\t\t\t\t\t<div class=\"elementor-container elementor-column-gap-default\">\n\t\t\t\t\t<div class=\"elementor-column elementor-col-100 elementor-top-column elementor-element elementor-element-7dc5223 ot-flex-column-vertical\" data-id=\"7dc5223\" data-element_type=\"column\">\n\t\t\t<div class=\"elementor-widget-wrap elementor-element-populated\">\n\t\t\t\t\t\t\t\t<section class=\"elementor-section elementor-inner-section elementor-element elementor-element-e7fa695 ot-traditional elementor-section-boxed elementor-section-height-default elementor-section-height-default\" data-id=\"e7fa695\" data-element_type=\"section\">\n\t\t\t\t\t\t<div class=\"elementor-container elementor-column-gap-default\">\n\t\t\t\t\t<div class=\"elementor-column elementor-col-100 elementor-inner-column elementor-element elementor-element-a078a67 ot-flex-column-vertical\" data-id=\"a078a67\" data-element_type=\"column\">\n\t\t\t<div class=\"elementor-widget-wrap elementor-element-populated\">\n\t\t\t\t\t\t\t\t<div class=\"elementor-element elementor-element-2c3c5f2 mentions elementor-widget elementor-widget-text-editor\" data-id=\"2c3c5f2\" data-element_type=\"widget\" data-widget_type=\"text-editor.default\">\n\t\t\t\t<div class=\"elementor-widget-container\">\n\t\t\t\t\t\t\tSi vous continuez \u00e0 naviguer et \u00e0 utiliser ce site Web, vous acceptez de vous conformer et d&rsquo;\u00eatre li\u00e9 par les conditions d&rsquo;utilisation suivantes, qui, avec notre politique de confidentialit\u00e9, r\u00e9gissent la relation de Talium avec vous en ce qui concerne ce site Web. Si vous n&rsquo;\u00eates pas d&rsquo;accord avec une partie quelconque de ces conditions g\u00e9n\u00e9rales, vous n&rsquo;\u00eates pas autoris\u00e9 \u00e0 utiliser notre site web.<\/br><\/br>\n\nLe terme \u00ab\u00a0Talium\u00a0\u00bb ou \u00ab\u00a0nous\u00a0\u00bb d\u00e9signe le propri\u00e9taire du site web dont le si\u00e8ge social est 56 avenue Jean Jaur\u00e8s, 92290 Ch\u00e2tenay-Malabry, France. Notre soci\u00e9t\u00e9 Num\u00e9ro d&rsquo;identification TVA intracommunautaire : FR 95 789 179 256. Le terme \u00ab\u00a0vous\u00a0\u00bb fait r\u00e9f\u00e9rence \u00e0 l&rsquo;utilisateur ou au visiteur de notre site web.<\/br><\/br>\n\nL&rsquo;utilisation de ce site web est soumise aux conditions d&rsquo;utilisation suivantes :<\/br><\/br>\n\nLe contenu des pages de ce site web est destin\u00e9 \u00e0 votre information g\u00e9n\u00e9rale et \u00e0 votre utilisation uniquement. Il est susceptible d&rsquo;\u00eatre modifi\u00e9 sans pr\u00e9avis.<\/br><\/br>\n\nNi nous ni aucun tiers ne fournissons de garantie quant \u00e0 l&rsquo;exactitude, l&rsquo;actualit\u00e9, les performances, l&rsquo;exhaustivit\u00e9 ou l&rsquo;ad\u00e9quation des informations et des documents trouv\u00e9s ou propos\u00e9s sur ce site web pour un usage particulier. Vous reconnaissez que ces informations et mat\u00e9riels peuvent contenir des inexactitudes ou des erreurs et nous excluons express\u00e9ment toute responsabilit\u00e9 pour de telles inexactitudes ou erreurs dans toute la mesure permise par la loi.<\/br><\/br>\n\nL&rsquo;utilisation de toute information ou mat\u00e9riel sur ce site web est enti\u00e8rement \u00e0 vos propres risques, pour lesquels nous ne sommes pas responsables. Il vous appartient de vous assurer que les produits, services ou informations disponibles sur ce site r\u00e9pondent \u00e0 vos besoins sp\u00e9cifiques.<\/br><\/br>\n\nCe site web contient du mat\u00e9riel qui nous appartient ou pour lequel nous d\u00e9tenons une licence. Ce mat\u00e9riel inclut, mais n&rsquo;est pas limit\u00e9 \u00e0, la conception, la mise en page, l&rsquo;aspect, l&rsquo;apparence et les graphiques. Toute reproduction est interdite, sauf en conformit\u00e9 avec l&rsquo;avis de copyright, qui fait partie des pr\u00e9sentes conditions g\u00e9n\u00e9rales.<\/br>\n<\/br>\nToutes les marques commerciales reproduites sur ce site web qui ne sont pas la propri\u00e9t\u00e9 de l&rsquo;op\u00e9rateur ou dont la licence lui a \u00e9t\u00e9 accord\u00e9e sont la propri\u00e9t\u00e9 de leurs propri\u00e9taires respectifs.<\/br><\/br>\n\nL&rsquo;utilisation non autoris\u00e9e de ce site web peut donner lieu \u00e0 une demande de dommages et int\u00e9r\u00eats et\/ou constituer une infraction p\u00e9nale.<\/br><\/br>\n\nDe temps en temps, ce site web peut \u00e9galement inclure des liens vers d&rsquo;autres sites web. Ces liens sont fournis pour vous permettre d&rsquo;obtenir des informations compl\u00e9mentaires. Ils ne signifient pas que nous approuvons le(s) site(s) web. Nous n&rsquo;avons aucune responsabilit\u00e9 quant au contenu des sites web li\u00e9s.<\/br><\/br>\n\nVotre utilisation de ce site web et tout litige d\u00e9coulant de cette utilisation sont soumis aux lois de France.<\/br><\/br>\n<h2>Avis de droit d&rsquo;auteur<\/h2>\nTout le contenu, sauf indication contraire, est prot\u00e9g\u00e9 par le droit d&rsquo;auteur \u00a9 Talium, 56 avenue Jean Jaur\u00e8s, 92290 Ch\u00e2tenay-Malabry, France. Tous droits r\u00e9serv\u00e9s.<\/br><\/br>\n<h2>D\u00e9claration de conformit\u00e9 RGPD<\/h2>\nTalium respecte et se conforme au R\u00e8glement g\u00e9n\u00e9ral sur la protection des donn\u00e9es de l&rsquo;UE (RGPD).\n\nVoici quelques-uns des principaux moyens par lesquels nous nous conformons \u00e0 ces r\u00e8glements :\n<h2>Consentement<\/h2>\nNous vous expliquons clairement et sans jargon juridique ce \u00e0 quoi vous consentez et vous demandons de consentir explicitement \u00e0 ce que nous vous contactions.\n<h2>Notification d&rsquo;infraction<\/h2>\nEn cas de violation, nous informerons les utilisateurs concern\u00e9s dans les 72 heures suivant la premi\u00e8re prise de connaissance de la violation.\n<h2>Droit d&rsquo;acc\u00e8s<\/h2>\nLes utilisateurs peuvent demander la confirmation que des donn\u00e9es \u00e0 caract\u00e8re personnel les concernant sont ou non trait\u00e9es, o\u00f9 et dans quel but. En outre, nous leur fournirons gratuitement une copie des donn\u00e9es \u00e0 caract\u00e8re personnel sous forme \u00e9lectronique.\n<h2>Droit \u00e0 l&rsquo;oubli<\/h2>\nUne fois que nous avons compar\u00e9 vos droits (ceux des sujets) \u00e0 \u00ab\u00a0l&rsquo;int\u00e9r\u00eat public dans la disponibilit\u00e9 des donn\u00e9es\u00a0\u00bb, nous pouvons supprimer vos donn\u00e9es personnelles si vous en faites la demande.\n<h2>Portabilit\u00e9 des donn\u00e9es<\/h2>\nNous vous permettons de recevoir les donn\u00e9es \u00e0 caract\u00e8re personnel vous concernant, que nous vous fournirons dans un \u00ab\u00a0format courant et lisible par machine\u00a0\u00bb et vous avez le droit de transmettre ces donn\u00e9es \u00e0 un autre \u00ab\u00a0responsable du traitement\u00a0\u00bb.\n<h2>Respect de la vie priv\u00e9e d\u00e8s la conception<\/h2>\nNous mettons en \u0153uvre les mesures techniques et organisationnelles appropri\u00e9es, de mani\u00e8re efficace, afin de satisfaire aux exigences du pr\u00e9sent r\u00e8glement et de prot\u00e9ger les droits des personnes concern\u00e9es\u00a0\u00bb. Nous ne d\u00e9tenons et ne traitons que les donn\u00e9es absolument n\u00e9cessaires \u00e0 l&rsquo;accomplissement de nos t\u00e2ches (minimisation des donn\u00e9es), et nous limitons l&rsquo;acc\u00e8s aux donn\u00e9es \u00e0 caract\u00e8re personnel aux personnes qui ont besoin d&rsquo;effectuer le traitement.\n<h2>Politique de confidentialit\u00e9<\/h2>\n<h2>Section 1 &#8211; Que faisons-nous de vos informations ?<\/h2>\nSi vous choisissez de remplir un formulaire de contact sur notre site web, nous conserverons ces informations pendant 12 mois et ne les utiliserons que pour vous contacter en rapport avec cette demande.\n\nLorsque vous naviguez sur notre site, nous recevons \u00e9galement automatiquement l&rsquo;adresse IP (protocole Internet) de votre ordinateur afin de nous fournir des informations qui nous aident \u00e0 conna\u00eetre votre navigateur et votre syst\u00e8me d&rsquo;exploitation.\n\nMarketing par courrier \u00e9lectronique : Avec votre permission explicite, nous pouvons vous envoyer des courriels sur nos produits et autres mises \u00e0 jour.\n<h2>Section 2 &#8211; Consentement<\/h2>\nComment obtenir mon consentement ?\n\nLorsque vous nous fournissez des informations personnelles, nous vous demandons de consentir explicitement \u00e0 ce que nous les recueillions et les utilisions uniquement pour cette raison pr\u00e9cise.\n\nSi nous vous demandons des informations personnelles pour une raison secondaire, comme le marketing, nous vous demanderons directement votre consentement explicite ou nous vous donnerons la possibilit\u00e9 de refuser.\n\nComment puis-je retirer mon consentement ?\n\nSi, apr\u00e8s avoir accept\u00e9, vous changez d&rsquo;avis, vous pouvez retirer votre consentement pour que nous puissions vous contacter, pour la poursuite de la collecte, de l&rsquo;utilisation ou de la divulgation de vos informations, \u00e0 tout moment, en nous contactant \u00e0 l&rsquo;adresse contact@talium.fr ou en nous envoyant un courrier : Talium, 56 avenue Jean Jaur\u00e8s, 92290 Ch\u00e2tenay Malabry, France.\n<h2>Section 3 &#8211; Divulgation<\/h2>\nNous pouvons divulguer vos informations personnelles si nous y sommes contraints par la loi.\n<h2>Section 4 &#8211; Stockage des donn\u00e9es<\/h2>\nVos donn\u00e9es sont stock\u00e9es par le biais du stockage de donn\u00e9es et des bases de donn\u00e9es de Talium. Nous stockons vos donn\u00e9es sur un serveur s\u00e9curis\u00e9 derri\u00e8re un pare-feu.\n<h2>Section 5 &#8211; Services et liens de tiers<\/h2>\nEn g\u00e9n\u00e9ral, les fournisseurs tiers auxquels nous faisons appel ne recueillent, n&rsquo;utilisent et ne divulguent vos informations que dans la mesure n\u00e9cessaire pour leur permettre de fournir les services qu&rsquo;ils nous fournissent.\n\nLorsque vous cliquez sur des liens sur notre site, ils peuvent vous diriger hors de notre site. Nous ne sommes pas responsables des pratiques de confidentialit\u00e9 des autres sites et nous vous encourageons \u00e0 lire leurs d\u00e9clarations de confidentialit\u00e9.\n<h2>Section 6 &#8211; S\u00e9curit\u00e9<\/h2>\nPour prot\u00e9ger vos informations personnelles, nous prenons des pr\u00e9cautions raisonnables et suivons les meilleures pratiques du secteur pour nous assurer qu&rsquo;elles ne sont pas perdues, mal utilis\u00e9es, consult\u00e9es, divulgu\u00e9es, modifi\u00e9es ou d\u00e9truites de mani\u00e8re inappropri\u00e9e.\n\nSi vous nous fournissez vos informations personnelles, celles-ci sont stock\u00e9es selon les normes de s\u00e9curit\u00e9 du secteur. Bien qu&rsquo;aucune m\u00e9thode de transmission sur Internet ou de stockage \u00e9lectronique ne soit s\u00fbre \u00e0 100 %, nous appliquons les normes industrielles g\u00e9n\u00e9ralement accept\u00e9es.\n<h2>Section 7 &#8211; Cookies<\/h2>\nVoici une liste des cookies que nous utilisons. Nous les avons r\u00e9pertori\u00e9s ici pour que vous puissiez choisir de ne pas recevoir de cookies ou non. Pour ce faire, vous devez modifier les param\u00e8tres de votre navigateur web afin de refuser les cookies.\n\nGoogle Analytics &#8211; nous utilisons Google Analytics pour mesurer l&rsquo;utilisation de notre site par les visiteurs et pour g\u00e9n\u00e9rer des rapports pour notre propre usage. Google Analytics ne collecte aucune information personnelle identifiable vous concernant.\n<h2>Section 8 &#8211; Modifications de la pr\u00e9sente politique de confidentialit\u00e9<\/h2>\nNous nous r\u00e9servons le droit de modifier cette politique de confidentialit\u00e9 \u00e0 tout moment, aussi nous vous invitons \u00e0 la consulter fr\u00e9quemment. Les modifications et les clarifications prendront effet d\u00e8s leur publication sur le site web. Si nous apportons des modifications importantes \u00e0 la pr\u00e9sente politique, nous vous informerons ici de sa mise \u00e0 jour, afin que vous sachiez quelles informations nous recueillons, comment nous les utilisons et dans quelles circonstances, le cas \u00e9ch\u00e9ant, nous les utilisons et\/ou les divulguons.\n<h2>Questions et coordonn\u00e9es<\/h2>\nSi vous souhaitez : consulter, corriger, modifier ou supprimer les informations personnelles que nous d\u00e9tenons sur vous, d\u00e9poser une plainte ou simplement obtenir de plus amples informations, veuillez contacter notre responsable du respect de la vie priv\u00e9e \u00e0 l&rsquo;adresse contact@talium.fr ou par courrier \u00e0 Talium ci-dessous :\n\nFAO : Responsable du respect de la vie priv\u00e9e\n\nTalium, 56 avenue Jean Jaur\u00e8s, 92290 Ch\u00e2tenay-Malabry, France.\t\t\t\t\t\t<\/div>\n\t\t\t\t<\/div>\n\t\t\t\t\t<\/div>\n\t\t<\/div>\n\t\t\t\t\t\t\t<\/div>\n\t\t<\/section>\n\t\t\t\t\t<\/div>\n\t\t<\/div>\n\t\t\t\t\t\t\t<\/div>\n\t\t<\/section>\n\t\t\t\t\t\t\t<\/div>\n\t\t","protected":false},"excerpt":{"rendered":"<p>Conditions d&rsquo;utilisation du site web Si vous continuez \u00e0 naviguer et \u00e0 utiliser ce site Web, vous acceptez de vous conformer et d&rsquo;\u00eatre li\u00e9 par les conditions d&rsquo;utilisation suivantes, qui, avec notre politique de confidentialit\u00e9, r\u00e9gissent la relation de Talium avec vous en ce qui concerne ce site Web. Si vous n&rsquo;\u00eates pas d&rsquo;accord avec [&hellip;]<\/p>\n","protected":false},"author":4,"featured_media":0,"parent":0,"menu_order":0,"comment_status":"closed","ping_status":"closed","template":"","meta":{"ub_ctt_via":"","_lmt_disableupdate":"","_lmt_disable":"","footnotes":""},"class_list":["post-9108","page","type-page","status-publish","hentry"],"featured_image_src":null,"yoast_head":"<!-- This site is optimized with the Yoast SEO plugin v22.5 - https:\/\/yoast.com\/wordpress\/plugins\/seo\/ -->\n<title>Conditions d&#039;utilisation - Talium-assets<\/title>\n<meta name=\"description\" content=\"Conditions d&#039;utilisation du site web Si vous continuez \u00e0 naviguer et \u00e0 utiliser ce site Web, vous acceptez de vous conformer et d&#039;\u00eatre li\u00e9 par les\" \/>\n<meta name=\"robots\" content=\"noindex, nofollow\" \/>\n<meta property=\"og:locale\" content=\"fr_FR\" \/>\n<meta property=\"og:type\" content=\"article\" \/>\n<meta property=\"og:title\" content=\"Conditions d&#039;utilisation - Talium-assets\" \/>\n<meta property=\"og:description\" content=\"Conditions d&#039;utilisation du site web Si vous continuez \u00e0 naviguer et \u00e0 utiliser ce site Web, vous acceptez de vous conformer et d&#039;\u00eatre li\u00e9 par les\" \/>\n<meta property=\"og:url\" content=\"https:\/\/www.talium-assets.com\/fr\/terms-conditions\/\" \/>\n<meta property=\"og:site_name\" content=\"Talium-assets\" \/>\n<meta property=\"article:modified_time\" content=\"2020-12-04T13:57:37+00:00\" \/>\n<meta property=\"og:image\" content=\"https:\/\/www.talium-assets.com\/wp-content\/uploads\/2022\/03\/Talium-Assets-1.png\" \/>\n\t<meta property=\"og:image:width\" content=\"1080\" \/>\n\t<meta property=\"og:image:height\" content=\"570\" \/>\n\t<meta property=\"og:image:type\" content=\"image\/png\" \/>\n<meta name=\"twitter:card\" content=\"summary_large_image\" \/>\n<meta name=\"twitter:label1\" content=\"Dur\u00e9e de lecture estim\u00e9e\" \/>\n\t<meta name=\"twitter:data1\" content=\"8 minutes\" \/>\n<script type=\"application\/ld+json\" class=\"yoast-schema-graph\">{\"@context\":\"https:\/\/schema.org\",\"@graph\":[{\"@type\":\"WebPage\",\"@id\":\"https:\/\/www.talium-assets.com\/fr\/terms-conditions\/\",\"url\":\"https:\/\/www.talium-assets.com\/fr\/terms-conditions\/\",\"name\":\"Conditions d'utilisation - Talium-assets\",\"isPartOf\":{\"@id\":\"https:\/\/www.talium-assets.com\/#website\"},\"datePublished\":\"2020-11-29T21:54:26+00:00\",\"dateModified\":\"2020-12-04T13:57:37+00:00\",\"description\":\"Conditions d'utilisation du site web Si vous continuez \u00e0 naviguer et \u00e0 utiliser ce site Web, vous acceptez de vous conformer et d'\u00eatre li\u00e9 par les\",\"breadcrumb\":{\"@id\":\"https:\/\/www.talium-assets.com\/fr\/terms-conditions\/#breadcrumb\"},\"inLanguage\":\"fr-FR\",\"potentialAction\":[{\"@type\":\"ReadAction\",\"target\":[\"https:\/\/www.talium-assets.com\/fr\/terms-conditions\/\"]}]},{\"@type\":\"BreadcrumbList\",\"@id\":\"https:\/\/www.talium-assets.com\/fr\/terms-conditions\/#breadcrumb\",\"itemListElement\":[{\"@type\":\"ListItem\",\"position\":1,\"name\":\"Home\",\"item\":\"https:\/\/www.talium-assets.com\/fr\/\"},{\"@type\":\"ListItem\",\"position\":2,\"name\":\"Conditions d&rsquo;utilisation\"}]},{\"@type\":\"WebSite\",\"@id\":\"https:\/\/www.talium-assets.com\/#website\",\"url\":\"https:\/\/www.talium-assets.com\/\",\"name\":\"Talium-assets\",\"description\":\"Next level Tokenization Platform\",\"publisher\":{\"@id\":\"https:\/\/www.talium-assets.com\/#organization\"},\"potentialAction\":[{\"@type\":\"SearchAction\",\"target\":{\"@type\":\"EntryPoint\",\"urlTemplate\":\"https:\/\/www.talium-assets.com\/?s={search_term_string}\"},\"query-input\":\"required name=search_term_string\"}],\"inLanguage\":\"fr-FR\"},{\"@type\":\"Organization\",\"@id\":\"https:\/\/www.talium-assets.com\/#organization\",\"name\":\"Talium-assets\",\"url\":\"https:\/\/www.talium-assets.com\/\",\"logo\":{\"@type\":\"ImageObject\",\"inLanguage\":\"fr-FR\",\"@id\":\"https:\/\/www.talium-assets.com\/#\/schema\/logo\/image\/\",\"url\":\"https:\/\/www.talium-assets.com\/wp-content\/uploads\/2024\/04\/Talium_Assets_Logo.png\",\"contentUrl\":\"https:\/\/www.talium-assets.com\/wp-content\/uploads\/2024\/04\/Talium_Assets_Logo.png\",\"width\":1594,\"height\":548,\"caption\":\"Talium-assets\"},\"image\":{\"@id\":\"https:\/\/www.talium-assets.com\/#\/schema\/logo\/image\/\"},\"sameAs\":[\"https:\/\/www.linkedin.com\/company\/68882684\/admin\/feed\/posts\/\"]}]}<\/script>\n<!-- \/ Yoast SEO plugin. -->","yoast_head_json":{"title":"Conditions d'utilisation - Talium-assets","description":"Conditions d'utilisation du site web Si vous continuez \u00e0 naviguer et \u00e0 utiliser ce site Web, vous acceptez de vous conformer et d'\u00eatre li\u00e9 par les","robots":{"index":"noindex","follow":"nofollow"},"og_locale":"fr_FR","og_type":"article","og_title":"Conditions d'utilisation - Talium-assets","og_description":"Conditions d'utilisation du site web Si vous continuez \u00e0 naviguer et \u00e0 utiliser ce site Web, vous acceptez de vous conformer et d'\u00eatre li\u00e9 par les","og_url":"https:\/\/www.talium-assets.com\/fr\/terms-conditions\/","og_site_name":"Talium-assets","article_modified_time":"2020-12-04T13:57:37+00:00","og_image":[{"width":1080,"height":570,"url":"https:\/\/www.talium-assets.com\/wp-content\/uploads\/2022\/03\/Talium-Assets-1.png","type":"image\/png"}],"twitter_card":"summary_large_image","twitter_misc":{"Dur\u00e9e de lecture estim\u00e9e":"8 minutes"},"schema":{"@context":"https:\/\/schema.org","@graph":[{"@type":"WebPage","@id":"https:\/\/www.talium-assets.com\/fr\/terms-conditions\/","url":"https:\/\/www.talium-assets.com\/fr\/terms-conditions\/","name":"Conditions d'utilisation - Talium-assets","isPartOf":{"@id":"https:\/\/www.talium-assets.com\/#website"},"datePublished":"2020-11-29T21:54:26+00:00","dateModified":"2020-12-04T13:57:37+00:00","description":"Conditions d'utilisation du site web Si vous continuez \u00e0 naviguer et \u00e0 utiliser ce site Web, vous acceptez de vous conformer et d'\u00eatre li\u00e9 par les","breadcrumb":{"@id":"https:\/\/www.talium-assets.com\/fr\/terms-conditions\/#breadcrumb"},"inLanguage":"fr-FR","potentialAction":[{"@type":"ReadAction","target":["https:\/\/www.talium-assets.com\/fr\/terms-conditions\/"]}]},{"@type":"BreadcrumbList","@id":"https:\/\/www.talium-assets.com\/fr\/terms-conditions\/#breadcrumb","itemListElement":[{"@type":"ListItem","position":1,"name":"Home","item":"https:\/\/www.talium-assets.com\/fr\/"},{"@type":"ListItem","position":2,"name":"Conditions d&rsquo;utilisation"}]},{"@type":"WebSite","@id":"https:\/\/www.talium-assets.com\/#website","url":"https:\/\/www.talium-assets.com\/","name":"Talium-assets","description":"Next level Tokenization Platform","publisher":{"@id":"https:\/\/www.talium-assets.com\/#organization"},"potentialAction":[{"@type":"SearchAction","target":{"@type":"EntryPoint","urlTemplate":"https:\/\/www.talium-assets.com\/?s={search_term_string}"},"query-input":"required name=search_term_string"}],"inLanguage":"fr-FR"},{"@type":"Organization","@id":"https:\/\/www.talium-assets.com\/#organization","name":"Talium-assets","url":"https:\/\/www.talium-assets.com\/","logo":{"@type":"ImageObject","inLanguage":"fr-FR","@id":"https:\/\/www.talium-assets.com\/#\/schema\/logo\/image\/","url":"https:\/\/www.talium-assets.com\/wp-content\/uploads\/2024\/04\/Talium_Assets_Logo.png","contentUrl":"https:\/\/www.talium-assets.com\/wp-content\/uploads\/2024\/04\/Talium_Assets_Logo.png","width":1594,"height":548,"caption":"Talium-assets"},"image":{"@id":"https:\/\/www.talium-assets.com\/#\/schema\/logo\/image\/"},"sameAs":["https:\/\/www.linkedin.com\/company\/68882684\/admin\/feed\/posts\/"]}]}},"_links":{"self":[{"href":"https:\/\/www.talium-assets.com\/fr\/wp-json\/wp\/v2\/pages\/9108","targetHints":{"allow":["GET"]}}],"collection":[{"href":"https:\/\/www.talium-assets.com\/fr\/wp-json\/wp\/v2\/pages"}],"about":[{"href":"https:\/\/www.talium-assets.com\/fr\/wp-json\/wp\/v2\/types\/page"}],"author":[{"embeddable":true,"href":"https:\/\/www.talium-assets.com\/fr\/wp-json\/wp\/v2\/users\/4"}],"replies":[{"embeddable":true,"href":"https:\/\/www.talium-assets.com\/fr\/wp-json\/wp\/v2\/comments?post=9108"}],"version-history":[{"count":0,"href":"https:\/\/www.talium-assets.com\/fr\/wp-json\/wp\/v2\/pages\/9108\/revisions"}],"wp:attachment":[{"href":"https:\/\/www.talium-assets.com\/fr\/wp-json\/wp\/v2\/media?parent=9108"}],"curies":[{"name":"wp","href":"https:\/\/api.w.org\/{rel}","templated":true}]}}