{"id":843,"date":"2018-10-16T22:08:19","date_gmt":"2018-10-16T20:08:19","guid":{"rendered":"https:\/\/talium.fr\/?page_id=843"},"modified":"2018-10-16T22:08:19","modified_gmt":"2018-10-16T20:08:19","slug":"nos-expertises","status":"publish","type":"page","link":"https:\/\/www.talium-assets.com\/fr\/nos-expertises\/","title":{"rendered":"Nos Expertises"},"content":{"rendered":"<p>[et_pb_section fb_built=\u00a0\u00bb1&Prime; module_class=\u00a0\u00bbbandeauTop\u00a0\u00bb _builder_version=\u00a0\u00bb3.15&Prime; background_image=\u00a0\u00bbhttps:\/\/talium.fr\/wp-content\/uploads\/2018\/10\/bandeau-test.jpg\u00a0\u00bb custom_css_main_element=\u00a0\u00bbposition: relative;||z-index: 1;\u00a0\u00bb][et_pb_row _builder_version=\u00a0\u00bb3.15&Prime;][et_pb_column type=\u00a0\u00bb4_4&Prime; _builder_version=\u00a0\u00bb3.0.47&Prime; parallax=\u00a0\u00bboff\u00a0\u00bb parallax_method=\u00a0\u00bbon\u00a0\u00bb][et_pb_text _builder_version=\u00a0\u00bb3.17.2&Prime; text_font=\u00a0\u00bbPoppins|800||on|||||\u00a0\u00bb text_text_color=\u00a0\u00bb#ffffff\u00a0\u00bb text_font_size=\u00a0\u00bb27px\u00a0\u00bb text_letter_spacing=\u00a0\u00bb1px\u00a0\u00bb text_line_height=\u00a0\u00bb0.9em\u00a0\u00bb custom_padding=\u00a0\u00bb||0px\u00a0\u00bb custom_margin=\u00a0\u00bb||-1px\u00a0\u00bb]<\/p>\n<h1 style=\"text-align: center;\"><strong>Expertise en technologies<br \/>\n<\/strong>blockchain et Middleware<\/h1>\n<h1 style=\"text-align: center;\"><strong>\u00a0<\/strong><\/h1>\n<p>[\/et_pb_text][\/et_pb_column][\/et_pb_row][et_pb_row use_custom_width=\u00a0\u00bbon\u00a0\u00bb custom_width_px=\u00a0\u00bb460px\u00a0\u00bb custom_padding=\u00a0\u00bb0|0px|0|0px|false|false\u00a0\u00bb _builder_version=\u00a0\u00bb3.15&Prime;][et_pb_column type=\u00a0\u00bb4_4&Prime; _builder_version=\u00a0\u00bb3.0.47&Prime; parallax=\u00a0\u00bboff\u00a0\u00bb parallax_method=\u00a0\u00bbon\u00a0\u00bb][et_pb_image src=\u00a0\u00bbhttps:\/\/talium.fr\/wp-content\/uploads\/2018\/10\/world.svg\u00a0\u00bb _builder_version=\u00a0\u00bb3.15&Prime;][\/et_pb_image][\/et_pb_column][\/et_pb_row][\/et_pb_section][et_pb_section fb_built=\u00a0\u00bb1&Prime; _builder_version=\u00a0\u00bb3.15&Prime; background_color=\u00a0\u00bb#ebebeb\u00a0\u00bb custom_padding=\u00a0\u00bb169px|0px|155px|0px|false|false\u00a0\u00bb collapsed=\u00a0\u00bboff\u00a0\u00bb][et_pb_row _builder_version=\u00a0\u00bb3.15&Prime; background_size=\u00a0\u00bbinitial\u00a0\u00bb background_position=\u00a0\u00bbtop_left\u00a0\u00bb background_repeat=\u00a0\u00bbrepeat\u00a0\u00bb custom_css_before=\u00a0\u00bbcontent: %22%22;||display: block;||position: absolute;||width: 360px;||height: 360px;||top: 10px;||right: -70px;||opacity: 0.75;||background-image: url(https:\/\/talium.fr\/wp-content\/uploads\/2018\/10\/losange3.svg);||background-repeat: no-repeat;||background-size: contain;\u00a0\u00bb][et_pb_column type=\u00a0\u00bb4_4&Prime; _builder_version=\u00a0\u00bb3.0.47&Prime; parallax=\u00a0\u00bboff\u00a0\u00bb parallax_method=\u00a0\u00bbon\u00a0\u00bb][et_pb_text _builder_version=\u00a0\u00bb3.17.2&Prime; text_font=\u00a0\u00bbPoppins|300||on|||||\u00a0\u00bb text_font_size=\u00a0\u00bb35px\u00a0\u00bb text_line_height=\u00a0\u00bb1em\u00a0\u00bb header_font=\u00a0\u00bb||||||||\u00a0\u00bb custom_margin=\u00a0\u00bb0px||0px|\u00a0\u00bb custom_padding=\u00a0\u00bb0px||0px|\u00a0\u00bb custom_css_main_element=\u00a0\u00bbfont-weight:900 !important;||margin-bottom: 20px !important;\u00a0\u00bb global_module=\u00a0\u00bb162&Prime; saved_tabs=\u00a0\u00bball\u00a0\u00bb]<\/p>\n<h2 style=\"text-align: center;\">CE QUE<br \/>\n<strong>NOUS FAISONS<\/strong><\/h2>\n<p>[\/et_pb_text][et_pb_text _builder_version=\u00a0\u00bb3.15&Prime; text_font=\u00a0\u00bbRoboto|300|||||||\u00a0\u00bb text_font_size=\u00a0\u00bb16px\u00a0\u00bb text_line_height=\u00a0\u00bb1.6em\u00a0\u00bb background_size=\u00a0\u00bbinitial\u00a0\u00bb background_position=\u00a0\u00bbtop_left\u00a0\u00bb background_repeat=\u00a0\u00bbrepeat\u00a0\u00bb max_width=\u00a0\u00bb62%\u00a0\u00bb module_alignment=\u00a0\u00bbcenter\u00a0\u00bb]<\/p>\n<p class=\"p1\" style=\"text-align: center;\">Nous sommes experts techniques blockchain, int\u00e9gration syst\u00e8mes et middleware. Notre R&amp;D et nos projets couvrent les principales technologies des registres distribu\u00e9es. Nous avons d\u00e9velopp\u00e9 des solutions et briques technologiques acc\u00e9l\u00e8rent les d\u00e9veloppements et optimisent votre performance.<\/p>\n<p>[\/et_pb_text][\/et_pb_column][\/et_pb_row][\/et_pb_section][et_pb_section fb_built=\u00a0\u00bb1&Prime; module_class=\u00a0\u00bblarge\u00a0\u00bb _builder_version=\u00a0\u00bb3.15&Prime; custom_margin=\u00a0\u00bb0px|||\u00a0\u00bb custom_padding=\u00a0\u00bb0px|0px|108px|0px|false|false\u00a0\u00bb custom_css_before=\u00a0\u00bbcontent: %22%22;||display: block;||position: absolute;||width: 100%;||height: 100px;||top: -50px;||left: 0px;||border-radius:0;||background-color:#FFF;||transform:rotate(-1deg);\u00a0\u00bb collapsed=\u00a0\u00bboff\u00a0\u00bb][et_pb_row custom_padding=\u00a0\u00bb0|0px|0px|0px|false|false\u00a0\u00bb custom_margin=\u00a0\u00bb||30px|\u00a0\u00bb _builder_version=\u00a0\u00bb3.15&Prime; module_alignment=\u00a0\u00bbcenter\u00a0\u00bb custom_css_main_element=\u00a0\u00bbtext-align:center;\u00a0\u00bb][et_pb_column type=\u00a0\u00bb4_4&Prime; _builder_version=\u00a0\u00bb3.0.47&Prime; parallax=\u00a0\u00bboff\u00a0\u00bb parallax_method=\u00a0\u00bbon\u00a0\u00bb][et_pb_text _builder_version=\u00a0\u00bb3.17.2&Prime; text_font=\u00a0\u00bbPoppins|300||on|||||\u00a0\u00bb text_font_size=\u00a0\u00bb35px\u00a0\u00bb text_line_height=\u00a0\u00bb1em\u00a0\u00bb header_font=\u00a0\u00bb||||||||\u00a0\u00bb custom_margin=\u00a0\u00bb0px||0px|\u00a0\u00bb custom_padding=\u00a0\u00bb50px||0px|\u00a0\u00bb custom_css_main_element=\u00a0\u00bbfont-weight:900 !important;||margin-bottom: 20px !important;\u00a0\u00bb global_module=\u00a0\u00bb162&Prime; saved_tabs=\u00a0\u00bball\u00a0\u00bb]<\/p>\n<h2 style=\"text-align: center;\"><strong>NOS savoir-faire<\/strong><\/h2>\n<p>[\/et_pb_text][\/et_pb_column][\/et_pb_row][et_pb_row custom_padding=\u00a0\u00bb36px|0px|36px|0px|true|false\u00a0\u00bb _builder_version=\u00a0\u00bb3.15&Prime;][et_pb_column type=\u00a0\u00bb1_2&Prime; _builder_version=\u00a0\u00bb3.15&Prime; parallax=\u00a0\u00bboff\u00a0\u00bb parallax_method=\u00a0\u00bbon\u00a0\u00bb][simp_photo_titre_1 titre=\u00a0\u00bbEXPERTISE BLOCKCHAIN\u00a0\u00bb link=\u00a0\u00bbhttps:\/\/talium.fr\/nos-expertises-blockchain\/\u00a0\u00bb background_photo_url=\u00a0\u00bbhttps:\/\/talium.fr\/wp-content\/uploads\/2018\/10\/Expertise-BC.jpg\u00a0\u00bb _builder_version=\u00a0\u00bb3.17.2&Prime;][\/simp_photo_titre_1][\/et_pb_column][et_pb_column type=\u00a0\u00bb1_2&Prime; _builder_version=\u00a0\u00bb3.15&Prime; parallax=\u00a0\u00bboff\u00a0\u00bb parallax_method=\u00a0\u00bbon\u00a0\u00bb][simp_photo_titre_1 titre=\u00a0\u00bbEXPERTISE INT\u00c9GRATION SYST\u00c8MES \/ MIDDLEWARE\u00a0\u00bb link=\u00a0\u00bbhttps:\/\/talium.fr\/expertise-integration-systeme\/\u00a0\u00bb background_photo_url=\u00a0\u00bbhttps:\/\/talium.fr\/wp-content\/uploads\/2018\/10\/blockchain-pour-ico-tge.jpg\u00a0\u00bb _builder_version=\u00a0\u00bb3.17.2&Prime; background_image=\u00a0\u00bbhttps:\/\/talium.fr\/wp-content\/uploads\/2018\/10\/expertise-integration-systemes.jpg\u00a0\u00bb][\/simp_photo_titre_1][\/et_pb_column][\/et_pb_row][et_pb_row _builder_version=\u00a0\u00bb3.15&Prime;][et_pb_column type=\u00a0\u00bb1_4&Prime; _builder_version=\u00a0\u00bb3.15&Prime; parallax=\u00a0\u00bboff\u00a0\u00bb parallax_method=\u00a0\u00bbon\u00a0\u00bb][\/et_pb_column][et_pb_column type=\u00a0\u00bb1_2&Prime; _builder_version=\u00a0\u00bb3.15&Prime; parallax=\u00a0\u00bboff\u00a0\u00bb parallax_method=\u00a0\u00bbon\u00a0\u00bb][simp_photo_titre_1 titre=\u00a0\u00bbSOLUTIONS ET BRIQUES TECHNIQUES\u00a0\u00bb link=\u00a0\u00bbhttps:\/\/talium.fr\/solutions-et-briques-techniques\/\u00a0\u00bb background_photo_url=\u00a0\u00bbhttps:\/\/talium.fr\/wp-content\/uploads\/2018\/10\/Briques-technos.jpg\u00a0\u00bb _builder_version=\u00a0\u00bb3.17.2&Prime;][\/simp_photo_titre_1][\/et_pb_column][et_pb_column type=\u00a0\u00bb1_4&Prime; _builder_version=\u00a0\u00bb3.15&Prime; parallax=\u00a0\u00bboff\u00a0\u00bb parallax_method=\u00a0\u00bbon\u00a0\u00bb][\/et_pb_column][\/et_pb_row][\/et_pb_section]<\/p>\n","protected":false},"excerpt":{"rendered":"<p>[et_pb_section fb_built=\u00a0\u00bb1&Prime; module_class=\u00a0\u00bbbandeauTop\u00a0\u00bb _builder_version=\u00a0\u00bb3.15&Prime; background_image=\u00a0\u00bbhttps:\/\/talium.fr\/wp-content\/uploads\/2018\/10\/bandeau-test.jpg\u00a0\u00bb custom_css_main_element=\u00a0\u00bbposition: relative;||z-index: 1;\u00a0\u00bb][et_pb_row _builder_version=\u00a0\u00bb3.15&Prime;][et_pb_column type=\u00a0\u00bb4_4&Prime; _builder_version=\u00a0\u00bb3.0.47&Prime; parallax=\u00a0\u00bboff\u00a0\u00bb parallax_method=\u00a0\u00bbon\u00a0\u00bb][et_pb_text _builder_version=\u00a0\u00bb3.17.2&Prime; text_font=\u00a0\u00bbPoppins|800||on|||||\u00a0\u00bb text_text_color=\u00a0\u00bb#ffffff\u00a0\u00bb text_font_size=\u00a0\u00bb27px\u00a0\u00bb text_letter_spacing=\u00a0\u00bb1px\u00a0\u00bb text_line_height=\u00a0\u00bb0.9em\u00a0\u00bb custom_padding=\u00a0\u00bb||0px\u00a0\u00bb custom_margin=\u00a0\u00bb||-1px\u00a0\u00bb] Expertise en technologies blockchain et Middleware \u00a0 [\/et_pb_text][\/et_pb_column][\/et_pb_row][et_pb_row use_custom_width=\u00a0\u00bbon\u00a0\u00bb custom_width_px=\u00a0\u00bb460px\u00a0\u00bb custom_padding=\u00a0\u00bb0|0px|0|0px|false|false\u00a0\u00bb _builder_version=\u00a0\u00bb3.15&Prime;][et_pb_column type=\u00a0\u00bb4_4&Prime; _builder_version=\u00a0\u00bb3.0.47&Prime; parallax=\u00a0\u00bboff\u00a0\u00bb parallax_method=\u00a0\u00bbon\u00a0\u00bb][et_pb_image src=\u00a0\u00bbhttps:\/\/talium.fr\/wp-content\/uploads\/2018\/10\/world.svg\u00a0\u00bb _builder_version=\u00a0\u00bb3.15&Prime;][\/et_pb_image][\/et_pb_column][\/et_pb_row][\/et_pb_section][et_pb_section fb_built=\u00a0\u00bb1&Prime; _builder_version=\u00a0\u00bb3.15&Prime; background_color=\u00a0\u00bb#ebebeb\u00a0\u00bb custom_padding=\u00a0\u00bb169px|0px|155px|0px|false|false\u00a0\u00bb collapsed=\u00a0\u00bboff\u00a0\u00bb][et_pb_row _builder_version=\u00a0\u00bb3.15&Prime; background_size=\u00a0\u00bbinitial\u00a0\u00bb background_position=\u00a0\u00bbtop_left\u00a0\u00bb background_repeat=\u00a0\u00bbrepeat\u00a0\u00bb custom_css_before=\u00a0\u00bbcontent: %22%22;||display: block;||position: absolute;||width: 360px;||height: 360px;||top: 10px;||right: [&hellip;]<\/p>\n","protected":false},"author":4,"featured_media":0,"parent":0,"menu_order":0,"comment_status":"closed","ping_status":"closed","template":"","meta":{"ub_ctt_via":"","_lmt_disableupdate":"","_lmt_disable":"","footnotes":""},"class_list":["post-843","page","type-page","status-publish","hentry"],"featured_image_src":null,"yoast_head":"<!-- This site is optimized with the Yoast SEO plugin v22.5 - https:\/\/yoast.com\/wordpress\/plugins\/seo\/ -->\n<title>Nos Expertises - Talium-assets<\/title>\n<meta name=\"description\" content=\"Expertise en technologies blockchain et Middleware \u00a0 CE QUE NOUS FAISONS Nous sommes experts techniques blockchain, int\u00e9gration syst\u00e8mes et middleware.\" \/>\n<meta name=\"robots\" content=\"index, follow, max-snippet:-1, max-image-preview:large, max-video-preview:-1\" \/>\n<link rel=\"canonical\" href=\"https:\/\/www.talium-assets.com\/fr\/nos-expertises\/\" \/>\n<meta property=\"og:locale\" content=\"fr_FR\" \/>\n<meta property=\"og:type\" content=\"article\" \/>\n<meta property=\"og:title\" content=\"Nos Expertises - Talium-assets\" \/>\n<meta property=\"og:description\" content=\"Expertise en technologies blockchain et Middleware \u00a0 CE QUE NOUS FAISONS Nous sommes experts techniques blockchain, int\u00e9gration syst\u00e8mes et middleware.\" \/>\n<meta property=\"og:url\" content=\"https:\/\/www.talium-assets.com\/fr\/nos-expertises\/\" \/>\n<meta property=\"og:site_name\" content=\"Talium-assets\" \/>\n<meta property=\"og:image\" content=\"https:\/\/www.talium-assets.com\/wp-content\/uploads\/2022\/03\/Talium-Assets-1.png\" \/>\n\t<meta property=\"og:image:width\" content=\"1080\" \/>\n\t<meta property=\"og:image:height\" content=\"570\" \/>\n\t<meta property=\"og:image:type\" content=\"image\/png\" \/>\n<meta name=\"twitter:card\" content=\"summary_large_image\" \/>\n<meta name=\"twitter:label1\" content=\"Dur\u00e9e de lecture estim\u00e9e\" \/>\n\t<meta name=\"twitter:data1\" content=\"3 minutes\" \/>\n<script type=\"application\/ld+json\" class=\"yoast-schema-graph\">{\"@context\":\"https:\/\/schema.org\",\"@graph\":[{\"@type\":\"WebPage\",\"@id\":\"https:\/\/www.talium-assets.com\/fr\/nos-expertises\/\",\"url\":\"https:\/\/www.talium-assets.com\/fr\/nos-expertises\/\",\"name\":\"Nos Expertises - Talium-assets\",\"isPartOf\":{\"@id\":\"https:\/\/www.talium-assets.com\/#website\"},\"datePublished\":\"2018-10-16T20:08:19+00:00\",\"dateModified\":\"2018-10-16T20:08:19+00:00\",\"description\":\"Expertise en technologies blockchain et Middleware \u00a0 CE QUE NOUS FAISONS Nous sommes experts techniques blockchain, int\u00e9gration syst\u00e8mes et middleware.\",\"breadcrumb\":{\"@id\":\"https:\/\/www.talium-assets.com\/fr\/nos-expertises\/#breadcrumb\"},\"inLanguage\":\"fr-FR\",\"potentialAction\":[{\"@type\":\"ReadAction\",\"target\":[\"https:\/\/www.talium-assets.com\/fr\/nos-expertises\/\"]}]},{\"@type\":\"BreadcrumbList\",\"@id\":\"https:\/\/www.talium-assets.com\/fr\/nos-expertises\/#breadcrumb\",\"itemListElement\":[{\"@type\":\"ListItem\",\"position\":1,\"name\":\"Home\",\"item\":\"https:\/\/www.talium-assets.com\/fr\/\"},{\"@type\":\"ListItem\",\"position\":2,\"name\":\"Nos Expertises\"}]},{\"@type\":\"WebSite\",\"@id\":\"https:\/\/www.talium-assets.com\/#website\",\"url\":\"https:\/\/www.talium-assets.com\/\",\"name\":\"Talium-assets\",\"description\":\"Next level Tokenization Platform\",\"publisher\":{\"@id\":\"https:\/\/www.talium-assets.com\/#organization\"},\"potentialAction\":[{\"@type\":\"SearchAction\",\"target\":{\"@type\":\"EntryPoint\",\"urlTemplate\":\"https:\/\/www.talium-assets.com\/?s={search_term_string}\"},\"query-input\":\"required name=search_term_string\"}],\"inLanguage\":\"fr-FR\"},{\"@type\":\"Organization\",\"@id\":\"https:\/\/www.talium-assets.com\/#organization\",\"name\":\"Talium-assets\",\"url\":\"https:\/\/www.talium-assets.com\/\",\"logo\":{\"@type\":\"ImageObject\",\"inLanguage\":\"fr-FR\",\"@id\":\"https:\/\/www.talium-assets.com\/#\/schema\/logo\/image\/\",\"url\":\"https:\/\/www.talium-assets.com\/wp-content\/uploads\/2024\/04\/Talium_Assets_Logo.png\",\"contentUrl\":\"https:\/\/www.talium-assets.com\/wp-content\/uploads\/2024\/04\/Talium_Assets_Logo.png\",\"width\":1594,\"height\":548,\"caption\":\"Talium-assets\"},\"image\":{\"@id\":\"https:\/\/www.talium-assets.com\/#\/schema\/logo\/image\/\"},\"sameAs\":[\"https:\/\/www.linkedin.com\/company\/68882684\/admin\/feed\/posts\/\"]}]}<\/script>\n<!-- \/ Yoast SEO plugin. -->","yoast_head_json":{"title":"Nos Expertises - Talium-assets","description":"Expertise en technologies blockchain et Middleware \u00a0 CE QUE NOUS FAISONS Nous sommes experts techniques blockchain, int\u00e9gration syst\u00e8mes et middleware.","robots":{"index":"index","follow":"follow","max-snippet":"max-snippet:-1","max-image-preview":"max-image-preview:large","max-video-preview":"max-video-preview:-1"},"canonical":"https:\/\/www.talium-assets.com\/fr\/nos-expertises\/","og_locale":"fr_FR","og_type":"article","og_title":"Nos Expertises - Talium-assets","og_description":"Expertise en technologies blockchain et Middleware \u00a0 CE QUE NOUS FAISONS Nous sommes experts techniques blockchain, int\u00e9gration syst\u00e8mes et middleware.","og_url":"https:\/\/www.talium-assets.com\/fr\/nos-expertises\/","og_site_name":"Talium-assets","og_image":[{"width":1080,"height":570,"url":"https:\/\/www.talium-assets.com\/wp-content\/uploads\/2022\/03\/Talium-Assets-1.png","type":"image\/png"}],"twitter_card":"summary_large_image","twitter_misc":{"Dur\u00e9e de lecture estim\u00e9e":"3 minutes"},"schema":{"@context":"https:\/\/schema.org","@graph":[{"@type":"WebPage","@id":"https:\/\/www.talium-assets.com\/fr\/nos-expertises\/","url":"https:\/\/www.talium-assets.com\/fr\/nos-expertises\/","name":"Nos Expertises - Talium-assets","isPartOf":{"@id":"https:\/\/www.talium-assets.com\/#website"},"datePublished":"2018-10-16T20:08:19+00:00","dateModified":"2018-10-16T20:08:19+00:00","description":"Expertise en technologies blockchain et Middleware \u00a0 CE QUE NOUS FAISONS Nous sommes experts techniques blockchain, int\u00e9gration syst\u00e8mes et middleware.","breadcrumb":{"@id":"https:\/\/www.talium-assets.com\/fr\/nos-expertises\/#breadcrumb"},"inLanguage":"fr-FR","potentialAction":[{"@type":"ReadAction","target":["https:\/\/www.talium-assets.com\/fr\/nos-expertises\/"]}]},{"@type":"BreadcrumbList","@id":"https:\/\/www.talium-assets.com\/fr\/nos-expertises\/#breadcrumb","itemListElement":[{"@type":"ListItem","position":1,"name":"Home","item":"https:\/\/www.talium-assets.com\/fr\/"},{"@type":"ListItem","position":2,"name":"Nos Expertises"}]},{"@type":"WebSite","@id":"https:\/\/www.talium-assets.com\/#website","url":"https:\/\/www.talium-assets.com\/","name":"Talium-assets","description":"Next level Tokenization Platform","publisher":{"@id":"https:\/\/www.talium-assets.com\/#organization"},"potentialAction":[{"@type":"SearchAction","target":{"@type":"EntryPoint","urlTemplate":"https:\/\/www.talium-assets.com\/?s={search_term_string}"},"query-input":"required name=search_term_string"}],"inLanguage":"fr-FR"},{"@type":"Organization","@id":"https:\/\/www.talium-assets.com\/#organization","name":"Talium-assets","url":"https:\/\/www.talium-assets.com\/","logo":{"@type":"ImageObject","inLanguage":"fr-FR","@id":"https:\/\/www.talium-assets.com\/#\/schema\/logo\/image\/","url":"https:\/\/www.talium-assets.com\/wp-content\/uploads\/2024\/04\/Talium_Assets_Logo.png","contentUrl":"https:\/\/www.talium-assets.com\/wp-content\/uploads\/2024\/04\/Talium_Assets_Logo.png","width":1594,"height":548,"caption":"Talium-assets"},"image":{"@id":"https:\/\/www.talium-assets.com\/#\/schema\/logo\/image\/"},"sameAs":["https:\/\/www.linkedin.com\/company\/68882684\/admin\/feed\/posts\/"]}]}},"_links":{"self":[{"href":"https:\/\/www.talium-assets.com\/fr\/wp-json\/wp\/v2\/pages\/843","targetHints":{"allow":["GET"]}}],"collection":[{"href":"https:\/\/www.talium-assets.com\/fr\/wp-json\/wp\/v2\/pages"}],"about":[{"href":"https:\/\/www.talium-assets.com\/fr\/wp-json\/wp\/v2\/types\/page"}],"author":[{"embeddable":true,"href":"https:\/\/www.talium-assets.com\/fr\/wp-json\/wp\/v2\/users\/4"}],"replies":[{"embeddable":true,"href":"https:\/\/www.talium-assets.com\/fr\/wp-json\/wp\/v2\/comments?post=843"}],"version-history":[{"count":0,"href":"https:\/\/www.talium-assets.com\/fr\/wp-json\/wp\/v2\/pages\/843\/revisions"}],"wp:attachment":[{"href":"https:\/\/www.talium-assets.com\/fr\/wp-json\/wp\/v2\/media?parent=843"}],"curies":[{"name":"wp","href":"https:\/\/api.w.org\/{rel}","templated":true}]}}