{"id":1542,"date":"2018-10-26T17:31:47","date_gmt":"2018-10-26T15:31:47","guid":{"rendered":"https:\/\/talium.fr\/?page_id=1542"},"modified":"2018-10-26T17:31:47","modified_gmt":"2018-10-26T15:31:47","slug":"blockchain-et-trading-rtb","status":"publish","type":"page","link":"https:\/\/www.talium-assets.com\/fr\/blockchain-et-trading-rtb\/","title":{"rendered":"Blockchain et trading\/RTB"},"content":{"rendered":"<p>[et_pb_section fb_built=\u00a0\u00bb1&Prime; module_class=\u00a0\u00bbbandeauTop\u00a0\u00bb _builder_version=\u00a0\u00bb3.15&Prime; background_image=\u00a0\u00bbhttps:\/\/talium.fr\/wp-content\/uploads\/2018\/10\/bandeau-test.jpg\u00a0\u00bb][et_pb_row _builder_version=\u00a0\u00bb3.15&Prime;][et_pb_column type=\u00a0\u00bb4_4&Prime; _builder_version=\u00a0\u00bb3.15&Prime; parallax=\u00a0\u00bboff\u00a0\u00bb parallax_method=\u00a0\u00bbon\u00a0\u00bb][et_pb_text _builder_version=\u00a0\u00bb3.17.2&Prime; text_font=\u00a0\u00bb|300||on|||||\u00a0\u00bb text_text_color=\u00a0\u00bb#ffffff\u00a0\u00bb text_font_size=\u00a0\u00bb24px\u00a0\u00bb text_line_height=\u00a0\u00bb1em\u00a0\u00bb header_font=\u00a0\u00bb|||on|||||\u00a0\u00bb custom_margin=\u00a0\u00bb0px|||\u00a0\u00bb]<\/p>\n<h1 class=\"p1\" style=\"text-align: center;\"><span class=\"s1\">BLOCKCHAIN ET TRADING\/RTB<\/span><\/h1>\n<p>[\/et_pb_text][\/et_pb_column][\/et_pb_row][et_pb_row custom_padding=\u00a0\u00bb0|0px|0|0px|false|false\u00a0\u00bb _builder_version=\u00a0\u00bb3.15&Prime;][et_pb_column type=\u00a0\u00bb4_4&Prime; _builder_version=\u00a0\u00bb3.15&Prime; parallax=\u00a0\u00bboff\u00a0\u00bb parallax_method=\u00a0\u00bbon\u00a0\u00bb][et_pb_image src=\u00a0\u00bbhttps:\/\/talium.fr\/wp-content\/uploads\/2018\/10\/world.svg\u00a0\u00bb _builder_version=\u00a0\u00bb3.15&Prime;][\/et_pb_image][\/et_pb_column][\/et_pb_row][\/et_pb_section][et_pb_section fb_built=\u00a0\u00bb1&Prime; _builder_version=\u00a0\u00bb3.17.2&Prime; background_color=\u00a0\u00bb#EAEBEC\u00a0\u00bb custom_padding=\u00a0\u00bb119px|0px|54px|0px|false|false\u00a0\u00bb][et_pb_row use_custom_width=\u00a0\u00bbon\u00a0\u00bb custom_width_px=\u00a0\u00bb825px\u00a0\u00bb custom_padding=\u00a0\u00bb43px|0px|43px|0px|true|false\u00a0\u00bb _builder_version=\u00a0\u00bb3.17.2&Prime; custom_css_before=\u00a0\u00bbcontent: %22%22;||display: block;||position: absolute;||width: 450px;||height: 450px;||top: 35px;||right: -400px;||opacity: 0.5;||background-image: url(https:\/\/talium.fr\/wp-content\/uploads\/2018\/10\/losange-apropos-2.svg);||background-repeat: no-repeat;||background-size: contain;|| \u00ab\u00a0][et_pb_column type=\u00a0\u00bb4_4&Prime; _builder_version=\u00a0\u00bb3.15&Prime; parallax=\u00a0\u00bboff\u00a0\u00bb parallax_method=\u00a0\u00bbon\u00a0\u00bb][et_pb_text _builder_version=\u00a0\u00bb3.17.2&Prime; text_font=\u00a0\u00bb||||||||\u00a0\u00bb]<\/p>\n<p class=\"p1\" style=\"text-align: center;\"><span class=\"s1\">Pour Legolas Exchange qui propose une plateforme de trading de crypto monnaies innovante, Talium est architecte et d\u00e9veloppeur de modules et du matching engine int\u00e9grant la technologie blockchain au coeur du fonctionnement de cette plateforme. Les enjeux techniques primordiaux\u00a0: Gestion de la haute fr\u00e9quence des transactions, S\u00e9curit\u00e9 pointue, Impl\u00e9mentation des algorithmes standards de trading.<\/span><\/p>\n<p>[\/et_pb_text][simp_img_text_center _builder_version=\u00a0\u00bb3.15&Prime;][\/simp_img_text_center][\/et_pb_column][\/et_pb_row][\/et_pb_section]<\/p>\n","protected":false},"excerpt":{"rendered":"<p>[et_pb_section fb_built=\u00a0\u00bb1&Prime; module_class=\u00a0\u00bbbandeauTop\u00a0\u00bb _builder_version=\u00a0\u00bb3.15&Prime; background_image=\u00a0\u00bbhttps:\/\/talium.fr\/wp-content\/uploads\/2018\/10\/bandeau-test.jpg\u00a0\u00bb][et_pb_row _builder_version=\u00a0\u00bb3.15&Prime;][et_pb_column type=\u00a0\u00bb4_4&Prime; _builder_version=\u00a0\u00bb3.15&Prime; parallax=\u00a0\u00bboff\u00a0\u00bb parallax_method=\u00a0\u00bbon\u00a0\u00bb][et_pb_text _builder_version=\u00a0\u00bb3.17.2&Prime; text_font=\u00a0\u00bb|300||on|||||\u00a0\u00bb text_text_color=\u00a0\u00bb#ffffff\u00a0\u00bb text_font_size=\u00a0\u00bb24px\u00a0\u00bb text_line_height=\u00a0\u00bb1em\u00a0\u00bb header_font=\u00a0\u00bb|||on|||||\u00a0\u00bb custom_margin=\u00a0\u00bb0px|||\u00a0\u00bb] BLOCKCHAIN ET TRADING\/RTB [\/et_pb_text][\/et_pb_column][\/et_pb_row][et_pb_row custom_padding=\u00a0\u00bb0|0px|0|0px|false|false\u00a0\u00bb _builder_version=\u00a0\u00bb3.15&Prime;][et_pb_column type=\u00a0\u00bb4_4&Prime; _builder_version=\u00a0\u00bb3.15&Prime; parallax=\u00a0\u00bboff\u00a0\u00bb parallax_method=\u00a0\u00bbon\u00a0\u00bb][et_pb_image src=\u00a0\u00bbhttps:\/\/talium.fr\/wp-content\/uploads\/2018\/10\/world.svg\u00a0\u00bb _builder_version=\u00a0\u00bb3.15&Prime;][\/et_pb_image][\/et_pb_column][\/et_pb_row][\/et_pb_section][et_pb_section fb_built=\u00a0\u00bb1&Prime; _builder_version=\u00a0\u00bb3.17.2&Prime; background_color=\u00a0\u00bb#EAEBEC\u00a0\u00bb custom_padding=\u00a0\u00bb119px|0px|54px|0px|false|false\u00a0\u00bb][et_pb_row use_custom_width=\u00a0\u00bbon\u00a0\u00bb custom_width_px=\u00a0\u00bb825px\u00a0\u00bb custom_padding=\u00a0\u00bb43px|0px|43px|0px|true|false\u00a0\u00bb _builder_version=\u00a0\u00bb3.17.2&Prime; custom_css_before=\u00a0\u00bbcontent: %22%22;||display: block;||position: absolute;||width: 450px;||height: 450px;||top: 35px;||right: -400px;||opacity: 0.5;||background-image: url(https:\/\/talium.fr\/wp-content\/uploads\/2018\/10\/losange-apropos-2.svg);||background-repeat: no-repeat;||background-size: contain;|| \u00ab\u00a0][et_pb_column type=\u00a0\u00bb4_4&Prime; _builder_version=\u00a0\u00bb3.15&Prime; parallax=\u00a0\u00bboff\u00a0\u00bb parallax_method=\u00a0\u00bbon\u00a0\u00bb][et_pb_text _builder_version=\u00a0\u00bb3.17.2&Prime; [&hellip;]<\/p>\n","protected":false},"author":4,"featured_media":0,"parent":0,"menu_order":0,"comment_status":"closed","ping_status":"closed","template":"","meta":{"ub_ctt_via":"","_lmt_disableupdate":"","_lmt_disable":"","footnotes":""},"class_list":["post-1542","page","type-page","status-publish","hentry"],"featured_image_src":null,"yoast_head":"<!-- This site is optimized with the Yoast SEO plugin v22.5 - https:\/\/yoast.com\/wordpress\/plugins\/seo\/ -->\n<title>Blockchain et trading\/RTB - Talium-assets<\/title>\n<meta name=\"description\" content=\"BLOCKCHAIN ET TRADING\/RTB Pour Legolas Exchange qui propose une plateforme de trading de crypto monnaies innovante, Talium est architecte et d\u00e9veloppeur\" \/>\n<meta name=\"robots\" content=\"index, follow, max-snippet:-1, max-image-preview:large, max-video-preview:-1\" \/>\n<link rel=\"canonical\" href=\"https:\/\/www.talium-assets.com\/fr\/blockchain-et-trading-rtb\/\" \/>\n<meta property=\"og:locale\" content=\"fr_FR\" \/>\n<meta property=\"og:type\" content=\"article\" \/>\n<meta property=\"og:title\" content=\"Blockchain et trading\/RTB - Talium-assets\" \/>\n<meta property=\"og:description\" content=\"BLOCKCHAIN ET TRADING\/RTB Pour Legolas Exchange qui propose une plateforme de trading de crypto monnaies innovante, Talium est architecte et d\u00e9veloppeur\" \/>\n<meta property=\"og:url\" content=\"https:\/\/www.talium-assets.com\/fr\/blockchain-et-trading-rtb\/\" \/>\n<meta property=\"og:site_name\" content=\"Talium-assets\" \/>\n<meta property=\"og:image\" content=\"https:\/\/www.talium-assets.com\/wp-content\/uploads\/2022\/03\/Talium-Assets-1.png\" \/>\n\t<meta property=\"og:image:width\" content=\"1080\" \/>\n\t<meta property=\"og:image:height\" content=\"570\" \/>\n\t<meta property=\"og:image:type\" content=\"image\/png\" \/>\n<meta name=\"twitter:card\" content=\"summary_large_image\" \/>\n<meta name=\"twitter:label1\" content=\"Dur\u00e9e de lecture estim\u00e9e\" \/>\n\t<meta name=\"twitter:data1\" content=\"1 minute\" \/>\n<script type=\"application\/ld+json\" class=\"yoast-schema-graph\">{\"@context\":\"https:\/\/schema.org\",\"@graph\":[{\"@type\":\"WebPage\",\"@id\":\"https:\/\/www.talium-assets.com\/fr\/blockchain-et-trading-rtb\/\",\"url\":\"https:\/\/www.talium-assets.com\/fr\/blockchain-et-trading-rtb\/\",\"name\":\"Blockchain et trading\/RTB - Talium-assets\",\"isPartOf\":{\"@id\":\"https:\/\/www.talium-assets.com\/#website\"},\"datePublished\":\"2018-10-26T15:31:47+00:00\",\"dateModified\":\"2018-10-26T15:31:47+00:00\",\"description\":\"BLOCKCHAIN ET TRADING\/RTB Pour Legolas Exchange qui propose une plateforme de trading de crypto monnaies innovante, Talium est architecte et d\u00e9veloppeur\",\"breadcrumb\":{\"@id\":\"https:\/\/www.talium-assets.com\/fr\/blockchain-et-trading-rtb\/#breadcrumb\"},\"inLanguage\":\"fr-FR\",\"potentialAction\":[{\"@type\":\"ReadAction\",\"target\":[\"https:\/\/www.talium-assets.com\/fr\/blockchain-et-trading-rtb\/\"]}]},{\"@type\":\"BreadcrumbList\",\"@id\":\"https:\/\/www.talium-assets.com\/fr\/blockchain-et-trading-rtb\/#breadcrumb\",\"itemListElement\":[{\"@type\":\"ListItem\",\"position\":1,\"name\":\"Home\",\"item\":\"https:\/\/www.talium-assets.com\/fr\/\"},{\"@type\":\"ListItem\",\"position\":2,\"name\":\"Blockchain et trading\/RTB\"}]},{\"@type\":\"WebSite\",\"@id\":\"https:\/\/www.talium-assets.com\/#website\",\"url\":\"https:\/\/www.talium-assets.com\/\",\"name\":\"Talium-assets\",\"description\":\"Next level Tokenization Platform\",\"publisher\":{\"@id\":\"https:\/\/www.talium-assets.com\/#organization\"},\"potentialAction\":[{\"@type\":\"SearchAction\",\"target\":{\"@type\":\"EntryPoint\",\"urlTemplate\":\"https:\/\/www.talium-assets.com\/?s={search_term_string}\"},\"query-input\":\"required name=search_term_string\"}],\"inLanguage\":\"fr-FR\"},{\"@type\":\"Organization\",\"@id\":\"https:\/\/www.talium-assets.com\/#organization\",\"name\":\"Talium-assets\",\"url\":\"https:\/\/www.talium-assets.com\/\",\"logo\":{\"@type\":\"ImageObject\",\"inLanguage\":\"fr-FR\",\"@id\":\"https:\/\/www.talium-assets.com\/#\/schema\/logo\/image\/\",\"url\":\"https:\/\/www.talium-assets.com\/wp-content\/uploads\/2024\/04\/Talium_Assets_Logo.png\",\"contentUrl\":\"https:\/\/www.talium-assets.com\/wp-content\/uploads\/2024\/04\/Talium_Assets_Logo.png\",\"width\":1594,\"height\":548,\"caption\":\"Talium-assets\"},\"image\":{\"@id\":\"https:\/\/www.talium-assets.com\/#\/schema\/logo\/image\/\"},\"sameAs\":[\"https:\/\/www.linkedin.com\/company\/68882684\/admin\/feed\/posts\/\"]}]}<\/script>\n<!-- \/ Yoast SEO plugin. -->","yoast_head_json":{"title":"Blockchain et trading\/RTB - Talium-assets","description":"BLOCKCHAIN ET TRADING\/RTB Pour Legolas Exchange qui propose une plateforme de trading de crypto monnaies innovante, Talium est architecte et d\u00e9veloppeur","robots":{"index":"index","follow":"follow","max-snippet":"max-snippet:-1","max-image-preview":"max-image-preview:large","max-video-preview":"max-video-preview:-1"},"canonical":"https:\/\/www.talium-assets.com\/fr\/blockchain-et-trading-rtb\/","og_locale":"fr_FR","og_type":"article","og_title":"Blockchain et trading\/RTB - Talium-assets","og_description":"BLOCKCHAIN ET TRADING\/RTB Pour Legolas Exchange qui propose une plateforme de trading de crypto monnaies innovante, Talium est architecte et d\u00e9veloppeur","og_url":"https:\/\/www.talium-assets.com\/fr\/blockchain-et-trading-rtb\/","og_site_name":"Talium-assets","og_image":[{"width":1080,"height":570,"url":"https:\/\/www.talium-assets.com\/wp-content\/uploads\/2022\/03\/Talium-Assets-1.png","type":"image\/png"}],"twitter_card":"summary_large_image","twitter_misc":{"Dur\u00e9e de lecture estim\u00e9e":"1 minute"},"schema":{"@context":"https:\/\/schema.org","@graph":[{"@type":"WebPage","@id":"https:\/\/www.talium-assets.com\/fr\/blockchain-et-trading-rtb\/","url":"https:\/\/www.talium-assets.com\/fr\/blockchain-et-trading-rtb\/","name":"Blockchain et trading\/RTB - Talium-assets","isPartOf":{"@id":"https:\/\/www.talium-assets.com\/#website"},"datePublished":"2018-10-26T15:31:47+00:00","dateModified":"2018-10-26T15:31:47+00:00","description":"BLOCKCHAIN ET TRADING\/RTB Pour Legolas Exchange qui propose une plateforme de trading de crypto monnaies innovante, Talium est architecte et d\u00e9veloppeur","breadcrumb":{"@id":"https:\/\/www.talium-assets.com\/fr\/blockchain-et-trading-rtb\/#breadcrumb"},"inLanguage":"fr-FR","potentialAction":[{"@type":"ReadAction","target":["https:\/\/www.talium-assets.com\/fr\/blockchain-et-trading-rtb\/"]}]},{"@type":"BreadcrumbList","@id":"https:\/\/www.talium-assets.com\/fr\/blockchain-et-trading-rtb\/#breadcrumb","itemListElement":[{"@type":"ListItem","position":1,"name":"Home","item":"https:\/\/www.talium-assets.com\/fr\/"},{"@type":"ListItem","position":2,"name":"Blockchain et trading\/RTB"}]},{"@type":"WebSite","@id":"https:\/\/www.talium-assets.com\/#website","url":"https:\/\/www.talium-assets.com\/","name":"Talium-assets","description":"Next level Tokenization Platform","publisher":{"@id":"https:\/\/www.talium-assets.com\/#organization"},"potentialAction":[{"@type":"SearchAction","target":{"@type":"EntryPoint","urlTemplate":"https:\/\/www.talium-assets.com\/?s={search_term_string}"},"query-input":"required name=search_term_string"}],"inLanguage":"fr-FR"},{"@type":"Organization","@id":"https:\/\/www.talium-assets.com\/#organization","name":"Talium-assets","url":"https:\/\/www.talium-assets.com\/","logo":{"@type":"ImageObject","inLanguage":"fr-FR","@id":"https:\/\/www.talium-assets.com\/#\/schema\/logo\/image\/","url":"https:\/\/www.talium-assets.com\/wp-content\/uploads\/2024\/04\/Talium_Assets_Logo.png","contentUrl":"https:\/\/www.talium-assets.com\/wp-content\/uploads\/2024\/04\/Talium_Assets_Logo.png","width":1594,"height":548,"caption":"Talium-assets"},"image":{"@id":"https:\/\/www.talium-assets.com\/#\/schema\/logo\/image\/"},"sameAs":["https:\/\/www.linkedin.com\/company\/68882684\/admin\/feed\/posts\/"]}]}},"_links":{"self":[{"href":"https:\/\/www.talium-assets.com\/fr\/wp-json\/wp\/v2\/pages\/1542","targetHints":{"allow":["GET"]}}],"collection":[{"href":"https:\/\/www.talium-assets.com\/fr\/wp-json\/wp\/v2\/pages"}],"about":[{"href":"https:\/\/www.talium-assets.com\/fr\/wp-json\/wp\/v2\/types\/page"}],"author":[{"embeddable":true,"href":"https:\/\/www.talium-assets.com\/fr\/wp-json\/wp\/v2\/users\/4"}],"replies":[{"embeddable":true,"href":"https:\/\/www.talium-assets.com\/fr\/wp-json\/wp\/v2\/comments?post=1542"}],"version-history":[{"count":0,"href":"https:\/\/www.talium-assets.com\/fr\/wp-json\/wp\/v2\/pages\/1542\/revisions"}],"wp:attachment":[{"href":"https:\/\/www.talium-assets.com\/fr\/wp-json\/wp\/v2\/media?parent=1542"}],"curies":[{"name":"wp","href":"https:\/\/api.w.org\/{rel}","templated":true}]}}